{"id":66501,"date":"2023-02-25T18:06:54","date_gmt":"2023-02-25T17:06:54","guid":{"rendered":"https:\/\/woo.audacieuse-galerie.ch\/produit\/kunstfotografie-bel-orne32-v\/"},"modified":"2025-06-08T17:11:19","modified_gmt":"2025-06-08T15:11:19","slug":"kunstfotografie-bel-orne32-v","status":"publish","type":"product","link":"https:\/\/www.audacieuse-galerie.ch\/de\/produit\/kunstfotografie-bel-orne32-v\/","title":{"rendered":"Kunstfotografie Bel-Orne32 V"},"content":{"rendered":"<p>Alanna sitzt im hinteren Teil einer Tiefgarage, unter einer Reihe von Neonlichtern, neben einem Heizk\u00f6rper. &#8222;Wenn du tanzt, wenn die Flucht nicht m\u00f6glich ist, ist der Kampf immer noch m\u00f6glich.&#8220;<\/p>\n","protected":false},"excerpt":{"rendered":"<p>Alanna sitzt im hinteren Teil einer Tiefgarage, unter einer Reihe von Neonlichtern, neben einem Heizk\u00f6rper. &#8222;Wenn du tanzt, wenn die Flucht nicht m\u00f6glich ist, ist der Kampf immer noch m\u00f6glich.&#8220;<\/p>\n","protected":false},"featured_media":66436,"comment_status":"open","ping_status":"closed","template":"","meta":{"_glsr_average":0,"_glsr_ranking":0,"_glsr_reviews":0,"jetpack_publicize_message":"","jetpack_publicize_feature_enabled":true,"jetpack_social_post_already_shared":true,"jetpack_social_options":{"image_generator_settings":{"template":"highway","default_image_id":0,"font":"","enabled":false},"version":2}},"product_brand":[],"product_cat":[111,2223,153,228,108,234],"product_tag":[],"class_list":{"0":"post-66501","1":"product","2":"type-product","3":"status-publish","4":"has-post-thumbnail","6":"product_cat-farben","7":"product_cat-fotograf-alexandre-pierre-albert","8":"product_cat-grafik","9":"product_cat-innen","10":"product_cat-mensch","11":"product_cat-staedtisch","12":"pa_dimensions-30x40cm-de","13":"pa_dimensions-50x65cm-de","14":"pa_dimensions-60x80cm-de","15":"pa_encadrements-dunklesholz-de","16":"pa_encadrements-farben-de","17":"pa_encadrements-grau-de","18":"pa_encadrements-hellesholz-de","19":"pa_encadrements-keinen-de","20":"pa_encadrements-schwarz-de","21":"pa_encadrements-weiss-de","22":"pa_oeuvresnumerotees_limitees-30exemplaren-de","23":"pa_papiers-barytpapier-de","24":"pa_protectionfinitionsupport-druckunterglasacrylglass-de","25":"pa_protectionfinitionsupport-20-kunstpapieraufdibondr_alu-de","26":"pa_protectionfinitionsupport-e4-kunstpapieraufholzplatteu-de","27":"pa_techniquesphotographiques-farbe-de","28":"pa_themesphotographiques-europa-de","29":"pa_themesphotographiques-grafik-de","30":"pa_themesphotographiques-innen-de","31":"pa_themesphotographiques-mensch-de","32":"pa_themesphotographiques-stadtisch-de","34":"first","35":"instock","36":"taxable","37":"shipping-taxable","38":"purchasable","39":"product-type-variable","40":"has-default-attributes"},"yoast_head":"<!-- This site is optimized with the Yoast SEO plugin v27.4 - https:\/\/yoast.com\/product\/yoast-seo-wordpress\/ -->\n<title>Kunstfotografie Bel-Orne32 V - Audacieuse-Galerie<\/title>\n<meta name=\"description\" content=\"Kunstfotografie Bel-Orne32 V - Audacieuse-Galerie\" \/>\n<meta name=\"robots\" content=\"index, follow, max-snippet:-1, max-image-preview:large, max-video-preview:-1\" \/>\n<link rel=\"canonical\" href=\"https:\/\/www.audacieuse-galerie.ch\/de\/produit\/kunstfotografie-bel-orne32-v\/\" \/>\n<meta property=\"og:locale\" content=\"de_DE\" \/>\n<meta property=\"og:type\" content=\"article\" \/>\n<meta property=\"og:title\" content=\"Kunstfotografie Bel-Orne32 V - Audacieuse-Galerie\" \/>\n<meta property=\"og:description\" content=\"Kunstfotografie Bel-Orne32 V - Audacieuse-Galerie\" \/>\n<meta property=\"og:url\" content=\"https:\/\/www.audacieuse-galerie.ch\/de\/produit\/kunstfotografie-bel-orne32-v\/\" \/>\n<meta property=\"og:site_name\" content=\"Audacieuse-Galerie\" \/>\n<meta property=\"article:publisher\" content=\"https:\/\/www.facebook.com\/audacieuse.galerie\" \/>\n<meta property=\"article:modified_time\" content=\"2025-06-08T15:11:19+00:00\" \/>\n<meta property=\"og:image\" content=\"https:\/\/www.audacieuse-galerie.ch\/wp-content\/uploads\/2023\/02\/1414-Photographie-dart-Bel-Orne32-V.jpg\" \/>\n\t<meta property=\"og:image:width\" content=\"1000\" \/>\n\t<meta property=\"og:image:height\" content=\"750\" \/>\n\t<meta property=\"og:image:type\" content=\"image\/jpeg\" \/>\n<meta name=\"twitter:card\" content=\"summary_large_image\" \/>\n<script type=\"application\/ld+json\" class=\"yoast-schema-graph\">{\"@context\":\"https:\\\/\\\/schema.org\",\"@graph\":[{\"@type\":\"ImageObject\",\"inLanguage\":\"de\",\"@id\":\"https:\\\/\\\/www.audacieuse-galerie.ch\\\/de\\\/produit\\\/kunstfotografie-bel-orne32-v\\\/#primaryimage\",\"url\":\"https:\\\/\\\/www.audacieuse-galerie.ch\\\/wp-content\\\/uploads\\\/2023\\\/02\\\/1414-Photographie-dart-Bel-Orne32-V.jpg\",\"contentUrl\":\"https:\\\/\\\/www.audacieuse-galerie.ch\\\/wp-content\\\/uploads\\\/2023\\\/02\\\/1414-Photographie-dart-Bel-Orne32-V.jpg\",\"width\":1000,\"height\":750,\"caption\":\"Kunstfotografie Bel-Orne32 V\"}]}<\/script>\n<!-- \/ Yoast SEO plugin. -->","yoast_head_json":{"title":"Kunstfotografie Bel-Orne32 V - Audacieuse-Galerie","description":"Kunstfotografie Bel-Orne32 V - Audacieuse-Galerie","robots":{"index":"index","follow":"follow","max-snippet":"max-snippet:-1","max-image-preview":"max-image-preview:large","max-video-preview":"max-video-preview:-1"},"canonical":"https:\/\/www.audacieuse-galerie.ch\/de\/produit\/kunstfotografie-bel-orne32-v\/","og_locale":"de_DE","og_type":"article","og_title":"Kunstfotografie Bel-Orne32 V - Audacieuse-Galerie","og_description":"Kunstfotografie Bel-Orne32 V - Audacieuse-Galerie","og_url":"https:\/\/www.audacieuse-galerie.ch\/de\/produit\/kunstfotografie-bel-orne32-v\/","og_site_name":"Audacieuse-Galerie","article_publisher":"https:\/\/www.facebook.com\/audacieuse.galerie","article_modified_time":"2025-06-08T15:11:19+00:00","og_image":[{"width":1000,"height":750,"url":"https:\/\/www.audacieuse-galerie.ch\/wp-content\/uploads\/2023\/02\/1414-Photographie-dart-Bel-Orne32-V.jpg","type":"image\/jpeg"}],"twitter_card":"summary_large_image","schema":{"@context":"https:\/\/schema.org","@graph":[{"@type":"ImageObject","inLanguage":"de","@id":"https:\/\/www.audacieuse-galerie.ch\/de\/produit\/kunstfotografie-bel-orne32-v\/#primaryimage","url":"https:\/\/www.audacieuse-galerie.ch\/wp-content\/uploads\/2023\/02\/1414-Photographie-dart-Bel-Orne32-V.jpg","contentUrl":"https:\/\/www.audacieuse-galerie.ch\/wp-content\/uploads\/2023\/02\/1414-Photographie-dart-Bel-Orne32-V.jpg","width":1000,"height":750,"caption":"Kunstfotografie Bel-Orne32 V"}]}},"jetpack_publicize_connections":[],"_links":{"self":[{"href":"https:\/\/www.audacieuse-galerie.ch\/de\/wp-json\/wp\/v2\/product\/66501","targetHints":{"allow":["GET"]}}],"collection":[{"href":"https:\/\/www.audacieuse-galerie.ch\/de\/wp-json\/wp\/v2\/product"}],"about":[{"href":"https:\/\/www.audacieuse-galerie.ch\/de\/wp-json\/wp\/v2\/types\/product"}],"replies":[{"embeddable":true,"href":"https:\/\/www.audacieuse-galerie.ch\/de\/wp-json\/wp\/v2\/comments?post=66501"}],"version-history":[{"count":0,"href":"https:\/\/www.audacieuse-galerie.ch\/de\/wp-json\/wp\/v2\/product\/66501\/revisions"}],"wp:featuredmedia":[{"embeddable":true,"href":"https:\/\/www.audacieuse-galerie.ch\/de\/wp-json\/wp\/v2\/media\/66436"}],"wp:attachment":[{"href":"https:\/\/www.audacieuse-galerie.ch\/de\/wp-json\/wp\/v2\/media?parent=66501"}],"wp:term":[{"taxonomy":"product_brand","embeddable":true,"href":"https:\/\/www.audacieuse-galerie.ch\/de\/wp-json\/wp\/v2\/product_brand?post=66501"},{"taxonomy":"product_cat","embeddable":true,"href":"https:\/\/www.audacieuse-galerie.ch\/de\/wp-json\/wp\/v2\/product_cat?post=66501"},{"taxonomy":"product_tag","embeddable":true,"href":"https:\/\/www.audacieuse-galerie.ch\/de\/wp-json\/wp\/v2\/product_tag?post=66501"}],"curies":[{"name":"wp","href":"https:\/\/api.w.org\/{rel}","templated":true}]}}