{"id":68064,"date":"2023-04-22T13:13:43","date_gmt":"2023-04-22T11:13:43","guid":{"rendered":"https:\/\/woo.audacieuse-galerie.ch\/produit\/angel-serie-nr-2-der-flug-kunstfotografie\/"},"modified":"2025-06-08T17:34:25","modified_gmt":"2025-06-08T15:34:25","slug":"angel-serie-nr-2-der-flug-kunstfotografie","status":"publish","type":"product","link":"https:\/\/www.audacieuse-galerie.ch\/de\/produit\/angel-serie-nr-2-der-flug-kunstfotografie\/","title":{"rendered":"Angel Series, N\u00b02 L&#8217;envol Photographie d&#8217;art"},"content":{"rendered":"<p>Dieses Gem\u00e4lde stellt einen tanzenden Engel dar, um die Krieger zu ehren, die ihr Leben in der Schlacht gaben. Der Engelstanz symbolisiert Dankbarkeit und Liebe f\u00fcr diejenigen, die das ultimative Opfer gebracht haben, um ihr Volk zu sch\u00fctzen. Das Portr\u00e4t ist mit Kunsttechniken angefertigt und unterstreicht die Bewegung und den Ausdruck im Tanz des Engels. Es ist eine k\u00fcnstlerische Hommage an die Helden, die im finalen Showdown gewonnen haben.&#8220; <\/p>\n","protected":false},"excerpt":{"rendered":"<p>Dieses Gem\u00e4lde stellt einen tanzenden Engel dar, um die Krieger zu ehren, die ihr Leben in der Schlacht gaben. Der Engelstanz symbolisiert Dankbarkeit und Liebe f\u00fcr diejenigen, die das ultimative Opfer gebracht haben, um ihr Volk zu sch\u00fctzen.<\/p>\n","protected":false},"featured_media":67999,"comment_status":"open","ping_status":"closed","template":"","meta":{"_glsr_average":0,"_glsr_ranking":0,"_glsr_reviews":0,"jetpack_publicize_message":"","jetpack_publicize_feature_enabled":true,"jetpack_social_post_already_shared":true,"jetpack_social_options":{"image_generator_settings":{"template":"highway","default_image_id":0,"font":"","enabled":false},"version":2}},"product_brand":[],"product_cat":[111,2225,153,108,249],"product_tag":[],"class_list":{"0":"post-68064","1":"product","2":"type-product","3":"status-publish","4":"has-post-thumbnail","6":"product_cat-farben","7":"product_cat-fotograf-cedric-brion","8":"product_cat-grafik","9":"product_cat-mensch","10":"product_cat-mystisch","11":"pa_dimensions-40x60cm-de","12":"pa_dimensions-50x75cm-de","13":"pa_dimensions-60x90cm-de","14":"pa_encadrements-dunklesholz-de","15":"pa_encadrements-farben-de","16":"pa_encadrements-grau-de","17":"pa_encadrements-hellesholz-de","18":"pa_encadrements-keinen-de","19":"pa_encadrements-schwarz-de","20":"pa_encadrements-weiss-de","21":"pa_oeuvresnumerotees_limitees-16exemplaren-de","22":"pa_papiers-barytpapier-de","23":"pa_protectionfinitionsupport-druckunterglasacrylglass-de","24":"pa_protectionfinitionsupport-20-kunstpapieraufdibondr_alu-de","25":"pa_protectionfinitionsupport-e4-kunstpapieraufholzplatteu-de","26":"pa_techniquesphotographiques-farbe-de","27":"pa_themesphotographiques-grafik-de","28":"pa_themesphotographiques-mensch-de","29":"pa_themesphotographiques-mystisch-de","30":"pa_themesphotographiques-portrat-de","32":"first","33":"instock","34":"taxable","35":"shipping-taxable","36":"purchasable","37":"product-type-variable","38":"has-default-attributes"},"yoast_head":"<!-- This site is optimized with the Yoast SEO plugin v27.4 - https:\/\/yoast.com\/product\/yoast-seo-wordpress\/ -->\n<title>Angel Series, N\u00b02 L&#039;envol Photographie d&#039;art - Audacieuse-Galerie<\/title>\n<meta name=\"description\" content=\"Angel Series, N\u00b02 L&#039;envol Photographie d&#039;art - Audacieuse-Galerie\" \/>\n<meta name=\"robots\" content=\"index, follow, max-snippet:-1, max-image-preview:large, max-video-preview:-1\" \/>\n<link rel=\"canonical\" href=\"https:\/\/www.audacieuse-galerie.ch\/de\/produit\/angel-serie-nr-2-der-flug-kunstfotografie\/\" \/>\n<meta property=\"og:locale\" content=\"de_DE\" \/>\n<meta property=\"og:type\" content=\"article\" \/>\n<meta property=\"og:title\" content=\"Angel Series, N\u00b02 L&#039;envol Photographie d&#039;art - Audacieuse-Galerie\" \/>\n<meta property=\"og:description\" content=\"Angel Series, N\u00b02 L&#039;envol Photographie d&#039;art - Audacieuse-Galerie\" \/>\n<meta property=\"og:url\" content=\"https:\/\/www.audacieuse-galerie.ch\/de\/produit\/angel-serie-nr-2-der-flug-kunstfotografie\/\" \/>\n<meta property=\"og:site_name\" content=\"Audacieuse-Galerie\" \/>\n<meta property=\"article:publisher\" content=\"https:\/\/www.facebook.com\/audacieuse.galerie\" \/>\n<meta property=\"article:modified_time\" content=\"2025-06-08T15:34:25+00:00\" \/>\n<meta property=\"og:image\" content=\"https:\/\/www.audacieuse-galerie.ch\/wp-content\/uploads\/2023\/04\/1427-Serie-Angel-N\u00b02-Lenvol-Photographie-dart.jpg\" \/>\n\t<meta property=\"og:image:width\" content=\"667\" \/>\n\t<meta property=\"og:image:height\" content=\"1000\" \/>\n\t<meta property=\"og:image:type\" content=\"image\/jpeg\" \/>\n<meta name=\"twitter:card\" content=\"summary_large_image\" \/>\n<script type=\"application\/ld+json\" class=\"yoast-schema-graph\">{\"@context\":\"https:\\\/\\\/schema.org\",\"@graph\":[{\"@type\":\"ImageObject\",\"inLanguage\":\"de\",\"@id\":\"https:\\\/\\\/www.audacieuse-galerie.ch\\\/de\\\/produit\\\/angel-serie-nr-2-der-flug-kunstfotografie\\\/#primaryimage\",\"url\":\"https:\\\/\\\/www.audacieuse-galerie.ch\\\/wp-content\\\/uploads\\\/2023\\\/04\\\/1427-Serie-Angel-N\u00b02-Lenvol-Photographie-dart.jpg\",\"contentUrl\":\"https:\\\/\\\/www.audacieuse-galerie.ch\\\/wp-content\\\/uploads\\\/2023\\\/04\\\/1427-Serie-Angel-N\u00b02-Lenvol-Photographie-dart.jpg\",\"width\":667,\"height\":1000,\"caption\":\"Angel Series, N\u00b02 L'envol Photographie d'art\"}]}<\/script>\n<!-- \/ Yoast SEO plugin. -->","yoast_head_json":{"title":"Angel Series, N\u00b02 L'envol Photographie d'art - Audacieuse-Galerie","description":"Angel Series, N\u00b02 L'envol Photographie d'art - Audacieuse-Galerie","robots":{"index":"index","follow":"follow","max-snippet":"max-snippet:-1","max-image-preview":"max-image-preview:large","max-video-preview":"max-video-preview:-1"},"canonical":"https:\/\/www.audacieuse-galerie.ch\/de\/produit\/angel-serie-nr-2-der-flug-kunstfotografie\/","og_locale":"de_DE","og_type":"article","og_title":"Angel Series, N\u00b02 L'envol Photographie d'art - Audacieuse-Galerie","og_description":"Angel Series, N\u00b02 L'envol Photographie d'art - Audacieuse-Galerie","og_url":"https:\/\/www.audacieuse-galerie.ch\/de\/produit\/angel-serie-nr-2-der-flug-kunstfotografie\/","og_site_name":"Audacieuse-Galerie","article_publisher":"https:\/\/www.facebook.com\/audacieuse.galerie","article_modified_time":"2025-06-08T15:34:25+00:00","og_image":[{"width":667,"height":1000,"url":"https:\/\/www.audacieuse-galerie.ch\/wp-content\/uploads\/2023\/04\/1427-Serie-Angel-N\u00b02-Lenvol-Photographie-dart.jpg","type":"image\/jpeg"}],"twitter_card":"summary_large_image","schema":{"@context":"https:\/\/schema.org","@graph":[{"@type":"ImageObject","inLanguage":"de","@id":"https:\/\/www.audacieuse-galerie.ch\/de\/produit\/angel-serie-nr-2-der-flug-kunstfotografie\/#primaryimage","url":"https:\/\/www.audacieuse-galerie.ch\/wp-content\/uploads\/2023\/04\/1427-Serie-Angel-N\u00b02-Lenvol-Photographie-dart.jpg","contentUrl":"https:\/\/www.audacieuse-galerie.ch\/wp-content\/uploads\/2023\/04\/1427-Serie-Angel-N\u00b02-Lenvol-Photographie-dart.jpg","width":667,"height":1000,"caption":"Angel Series, N\u00b02 L'envol Photographie d'art"}]}},"jetpack_publicize_connections":[],"_links":{"self":[{"href":"https:\/\/www.audacieuse-galerie.ch\/de\/wp-json\/wp\/v2\/product\/68064","targetHints":{"allow":["GET"]}}],"collection":[{"href":"https:\/\/www.audacieuse-galerie.ch\/de\/wp-json\/wp\/v2\/product"}],"about":[{"href":"https:\/\/www.audacieuse-galerie.ch\/de\/wp-json\/wp\/v2\/types\/product"}],"replies":[{"embeddable":true,"href":"https:\/\/www.audacieuse-galerie.ch\/de\/wp-json\/wp\/v2\/comments?post=68064"}],"version-history":[{"count":0,"href":"https:\/\/www.audacieuse-galerie.ch\/de\/wp-json\/wp\/v2\/product\/68064\/revisions"}],"wp:featuredmedia":[{"embeddable":true,"href":"https:\/\/www.audacieuse-galerie.ch\/de\/wp-json\/wp\/v2\/media\/67999"}],"wp:attachment":[{"href":"https:\/\/www.audacieuse-galerie.ch\/de\/wp-json\/wp\/v2\/media?parent=68064"}],"wp:term":[{"taxonomy":"product_brand","embeddable":true,"href":"https:\/\/www.audacieuse-galerie.ch\/de\/wp-json\/wp\/v2\/product_brand?post=68064"},{"taxonomy":"product_cat","embeddable":true,"href":"https:\/\/www.audacieuse-galerie.ch\/de\/wp-json\/wp\/v2\/product_cat?post=68064"},{"taxonomy":"product_tag","embeddable":true,"href":"https:\/\/www.audacieuse-galerie.ch\/de\/wp-json\/wp\/v2\/product_tag?post=68064"}],"curies":[{"name":"wp","href":"https:\/\/api.w.org\/{rel}","templated":true}]}}