{"id":69959,"date":"2023-05-13T13:33:28","date_gmt":"2023-05-13T11:33:28","guid":{"rendered":"https:\/\/woo.audacieuse-galerie.ch\/produit\/fotograf-fuer-intimes-koerper-wertschaetzung-fitness-mentales\/"},"modified":"2026-04-03T09:53:11","modified_gmt":"2026-04-03T07:53:11","slug":"fotograf-fuer-intimes-koerper-wertschaetzung-fitness-mentales","status":"publish","type":"product","link":"https:\/\/www.audacieuse-galerie.ch\/de\/produit\/fotograf-fuer-intimes-koerper-wertschaetzung-fitness-mentales\/","title":{"rendered":"K\u00f6rper-, Fitness- und Bodybuilding-Fotograf."},"content":{"rendered":"<h2><strong>Steigern Sie Ihre Fitnessbem\u00fchungen mit einem professionellen Fotoshooting<\/strong><\/h2>\n<p>Du hast Zeit, Disziplin und Entschlossenheit investiert, um deinen K\u00f6rper zu formen. Warum halten Sie diese Bem\u00fchungen nicht mit Fotos fest, die Ihre Transformation widerspiegeln? Egal, ob es darum geht, Ihren Fortschritt zu verfolgen, einen Massenzuwachs oder einen Schnitt hervorzuheben, Ihr Selbstvertrauen zu st\u00e4rken oder einfach nur eine unvergessliche Erinnerung zu bewahren, unser Fotograf bietet Ihnen ein spektakul\u00e4res Spotlight auf Ihren K\u00f6rper.  <\/p>\n<h3><strong>Ein Fitness-Shooting, das jedes Detail enth\u00fcllt<\/strong><\/h3>\n<p>Im Studio kreieren wir kraftvolle und dynamische Bilder, bei denen jeder Muskel und jede Kurve durch ein pr\u00e4zises Spiel von Licht und Schatten hervorgehoben wird. Unser hochmodernes Equipment, einschlie\u00dflich ultrapr\u00e4ziser Zeiss-Optiken, sorgt f\u00fcr gestochen scharfe Aufnahmen, die sich perfekt f\u00fcr den Gro\u00dfformatdruck eignen. <\/p>\n<p><strong>Unterstreichen Sie Ihre Verwandlung mit einem einzigartigen Fotoshooting!<\/strong><br \/>\nBuchen Sie jetzt f\u00fcr ein ma\u00dfgeschneidertes Erlebnis.<\/p>\n","protected":false},"excerpt":{"rendered":"<p>Ein Geist aus Stahl, eine Strenge, um seinen K\u00f6rper zu formen, eine langfristige Arbeit, die es verdient, erschossen zu werden. Egal, ob es darum geht, das Selbstwertgef\u00fchl zu verbessern, Fortschritte zu vergleichen oder einfach nur die beste Erinnerung zu behalten, unser Studiofotograf zeigt Fitnessbem\u00fchungen. <\/p>\n","protected":false},"featured_media":69949,"comment_status":"open","ping_status":"closed","template":"","meta":{"_glsr_average":0,"_glsr_ranking":0,"_glsr_reviews":0,"jetpack_publicize_message":"","jetpack_publicize_feature_enabled":true,"jetpack_social_post_already_shared":true,"jetpack_social_options":{"image_generator_settings":{"template":"highway","default_image_id":0,"font":"","enabled":false},"version":2}},"product_brand":[],"product_cat":[93,159,261],"product_tag":[],"class_list":{"0":"post-69959","1":"product","2":"type-product","3":"status-publish","4":"has-post-thumbnail","6":"product_cat-fotostudio-in-carouge-genf","7":"product_cat-ihr-fotograf-von-portraets","8":"product_cat-sport-action-freizeit","9":"bookacti-activity","11":"first","12":"instock","13":"sale","14":"featured","15":"virtual","16":"taxable","17":"purchasable","18":"product-type-simple"},"yoast_head":"<!-- This site is optimized with the Yoast SEO plugin v27.4 - https:\/\/yoast.com\/product\/yoast-seo-wordpress\/ -->\n<title>Bodyfotograf, Fitness und Bodybuilding, in Carouge Genf.<\/title>\n<meta name=\"description\" content=\"Fotoshootings f\u00fcr Sportler, Fitness-, Bodybuilding- und Sportbegeisterte, unterstreichen Ihren K\u00f6rperbau, Ihre Disziplin und Ihre Verwandlung.\" \/>\n<meta name=\"robots\" content=\"index, follow, max-snippet:-1, max-image-preview:large, max-video-preview:-1\" \/>\n<link rel=\"canonical\" href=\"https:\/\/www.audacieuse-galerie.ch\/de\/produit\/fotograf-fuer-intimes-koerper-wertschaetzung-fitness-mentales\/\" \/>\n<meta property=\"og:locale\" content=\"de_DE\" \/>\n<meta property=\"og:type\" content=\"article\" \/>\n<meta property=\"og:title\" content=\"Bodyfotograf, Fitness und Bodybuilding, in Carouge Genf.\" \/>\n<meta property=\"og:description\" content=\"Fotoshootings f\u00fcr Sportler, Fitness-, Bodybuilding- und Sportbegeisterte, unterstreichen Ihren K\u00f6rperbau, Ihre Disziplin und Ihre Verwandlung.\" \/>\n<meta property=\"og:url\" content=\"https:\/\/www.audacieuse-galerie.ch\/de\/produit\/fotograf-fuer-intimes-koerper-wertschaetzung-fitness-mentales\/\" \/>\n<meta property=\"og:site_name\" content=\"Audacieuse-Galerie\" \/>\n<meta property=\"article:publisher\" content=\"https:\/\/www.facebook.com\/audacieuse.galerie\" \/>\n<meta property=\"article:modified_time\" content=\"2026-04-03T07:53:11+00:00\" \/>\n<meta property=\"og:image\" content=\"https:\/\/www.audacieuse-galerie.ch\/wp-content\/uploads\/2023\/05\/1438-Photographe-de-lintime-des-corps-de-lestime-du-fitness-du-mental.jpg\" \/>\n\t<meta property=\"og:image:width\" content=\"1000\" \/>\n\t<meta property=\"og:image:height\" content=\"1000\" \/>\n\t<meta property=\"og:image:type\" content=\"image\/jpeg\" \/>\n<meta name=\"twitter:card\" content=\"summary_large_image\" \/>\n<meta name=\"twitter:label1\" content=\"Gesch\u00e4tzte Lesezeit\" \/>\n\t<meta name=\"twitter:data1\" content=\"1 Minute\" \/>\n<script type=\"application\/ld+json\" class=\"yoast-schema-graph\">{\"@context\":\"https:\\\/\\\/schema.org\",\"@graph\":[{\"@type\":\"ImageObject\",\"inLanguage\":\"de\",\"@id\":\"https:\\\/\\\/www.audacieuse-galerie.ch\\\/de\\\/produit\\\/fotograf-fuer-intimes-koerper-wertschaetzung-fitness-mentales\\\/#primaryimage\",\"url\":\"https:\\\/\\\/www.audacieuse-galerie.ch\\\/wp-content\\\/uploads\\\/2023\\\/05\\\/1438-Photographe-de-lintime-des-corps-de-lestime-du-fitness-du-mental.jpg\",\"contentUrl\":\"https:\\\/\\\/www.audacieuse-galerie.ch\\\/wp-content\\\/uploads\\\/2023\\\/05\\\/1438-Photographe-de-lintime-des-corps-de-lestime-du-fitness-du-mental.jpg\",\"width\":1000,\"height\":1000,\"caption\":\"Fotograf von Intimit\u00e4t, K\u00f6rpern, Selbstwertgef\u00fchl, Fitness, Geist.\"}]}<\/script>\n<!-- \/ Yoast SEO plugin. -->","yoast_head_json":{"title":"Bodyfotograf, Fitness und Bodybuilding, in Carouge Genf.","description":"Fotoshootings f\u00fcr Sportler, Fitness-, Bodybuilding- und Sportbegeisterte, unterstreichen Ihren K\u00f6rperbau, Ihre Disziplin und Ihre Verwandlung.","robots":{"index":"index","follow":"follow","max-snippet":"max-snippet:-1","max-image-preview":"max-image-preview:large","max-video-preview":"max-video-preview:-1"},"canonical":"https:\/\/www.audacieuse-galerie.ch\/de\/produit\/fotograf-fuer-intimes-koerper-wertschaetzung-fitness-mentales\/","og_locale":"de_DE","og_type":"article","og_title":"Bodyfotograf, Fitness und Bodybuilding, in Carouge Genf.","og_description":"Fotoshootings f\u00fcr Sportler, Fitness-, Bodybuilding- und Sportbegeisterte, unterstreichen Ihren K\u00f6rperbau, Ihre Disziplin und Ihre Verwandlung.","og_url":"https:\/\/www.audacieuse-galerie.ch\/de\/produit\/fotograf-fuer-intimes-koerper-wertschaetzung-fitness-mentales\/","og_site_name":"Audacieuse-Galerie","article_publisher":"https:\/\/www.facebook.com\/audacieuse.galerie","article_modified_time":"2026-04-03T07:53:11+00:00","og_image":[{"width":1000,"height":1000,"url":"https:\/\/www.audacieuse-galerie.ch\/wp-content\/uploads\/2023\/05\/1438-Photographe-de-lintime-des-corps-de-lestime-du-fitness-du-mental.jpg","type":"image\/jpeg"}],"twitter_card":"summary_large_image","twitter_misc":{"Gesch\u00e4tzte Lesezeit":"1 Minute"},"schema":{"@context":"https:\/\/schema.org","@graph":[{"@type":"ImageObject","inLanguage":"de","@id":"https:\/\/www.audacieuse-galerie.ch\/de\/produit\/fotograf-fuer-intimes-koerper-wertschaetzung-fitness-mentales\/#primaryimage","url":"https:\/\/www.audacieuse-galerie.ch\/wp-content\/uploads\/2023\/05\/1438-Photographe-de-lintime-des-corps-de-lestime-du-fitness-du-mental.jpg","contentUrl":"https:\/\/www.audacieuse-galerie.ch\/wp-content\/uploads\/2023\/05\/1438-Photographe-de-lintime-des-corps-de-lestime-du-fitness-du-mental.jpg","width":1000,"height":1000,"caption":"Fotograf von Intimit\u00e4t, K\u00f6rpern, Selbstwertgef\u00fchl, Fitness, Geist."}]}},"jetpack_publicize_connections":[],"_links":{"self":[{"href":"https:\/\/www.audacieuse-galerie.ch\/de\/wp-json\/wp\/v2\/product\/69959","targetHints":{"allow":["GET"]}}],"collection":[{"href":"https:\/\/www.audacieuse-galerie.ch\/de\/wp-json\/wp\/v2\/product"}],"about":[{"href":"https:\/\/www.audacieuse-galerie.ch\/de\/wp-json\/wp\/v2\/types\/product"}],"replies":[{"embeddable":true,"href":"https:\/\/www.audacieuse-galerie.ch\/de\/wp-json\/wp\/v2\/comments?post=69959"}],"version-history":[{"count":0,"href":"https:\/\/www.audacieuse-galerie.ch\/de\/wp-json\/wp\/v2\/product\/69959\/revisions"}],"wp:featuredmedia":[{"embeddable":true,"href":"https:\/\/www.audacieuse-galerie.ch\/de\/wp-json\/wp\/v2\/media\/69949"}],"wp:attachment":[{"href":"https:\/\/www.audacieuse-galerie.ch\/de\/wp-json\/wp\/v2\/media?parent=69959"}],"wp:term":[{"taxonomy":"product_brand","embeddable":true,"href":"https:\/\/www.audacieuse-galerie.ch\/de\/wp-json\/wp\/v2\/product_brand?post=69959"},{"taxonomy":"product_cat","embeddable":true,"href":"https:\/\/www.audacieuse-galerie.ch\/de\/wp-json\/wp\/v2\/product_cat?post=69959"},{"taxonomy":"product_tag","embeddable":true,"href":"https:\/\/www.audacieuse-galerie.ch\/de\/wp-json\/wp\/v2\/product_tag?post=69959"}],"curies":[{"name":"wp","href":"https:\/\/api.w.org\/{rel}","templated":true}]}}