{"id":70000,"date":"2023-07-03T12:53:01","date_gmt":"2023-07-03T10:53:01","guid":{"rendered":"https:\/\/woo.audacieuse-galerie.ch\/produit\/ginkoblatt-ohrring-eingerahmt-von-zwei-vergoldeten-creolen\/"},"modified":"2025-12-24T00:24:10","modified_gmt":"2025-12-23T23:24:10","slug":"ginkoblatt-ohrring-eingerahmt-von-zwei-vergoldeten-creolen","status":"publish","type":"product","link":"https:\/\/www.audacieuse-galerie.ch\/de\/produit\/ginkoblatt-ohrring-eingerahmt-von-zwei-vergoldeten-creolen\/","title":{"rendered":"Ginko Blatt Ohrringe umrahmt von zwei goldenen Creolen."},"content":{"rendered":"<p>Die Sch\u00f6pfer von Tochu De modellieren virtuell ihren Schmuck, der dann durch Laserfusion in Nylonpulver aus der Rizinus\u00f6lverarbeitung gedruckt wird.<\/p>\n<p>Das resultierende Objekt ist sehr leicht und langlebig und wird anschlie\u00dfend sorgf\u00e4ltig von Hand bemalt.<\/p>\n<p>Materialien: Ringe aus vergoldetem Messing, Haken aus 24 Karat vergoldetem Edelstahl, nicht allergen.<\/p>\n<p>Abmessungen: zwei Ringe von 45 und 35 mm.<\/p>\n","protected":false},"excerpt":{"rendered":"<p>Ohrring mit sch\u00f6nen Ginko-Bl\u00e4ttern, die durch 3D-Druck modelliert wurden, aus widerstandsf\u00e4higem und leichtem Material. Zwei goldene Creolen umrahmen das Ginko-Blatt, erh\u00e4ltlich in verschiedenen Farben.<\/p>\n","protected":false},"featured_media":69973,"comment_status":"open","ping_status":"closed","template":"","meta":{"_glsr_average":0,"_glsr_ranking":0,"_glsr_reviews":0,"jetpack_publicize_message":"","jetpack_publicize_feature_enabled":true,"jetpack_social_post_already_shared":true,"jetpack_social_options":{"image_generator_settings":{"template":"highway","default_image_id":0,"font":"","enabled":false},"version":2}},"product_brand":[],"product_cat":[96,105,102,2593,168,2558],"product_tag":[],"class_list":{"0":"post-70000","1":"product","2":"type-product","3":"status-publish","4":"has-post-thumbnail","6":"product_cat-accessoires-von-schoepfern","7":"product_cat-geschenkideen-aus-pret-a-porter-und-accessoires-fuer-sie-fuer-ihn","8":"product_cat-im-schaufenster-in-carouge-gesehen","9":"product_cat-modedesigner","10":"product_cat-modische-schmuckstuecke","11":"product_cat-tochu-de-de","12":"pa_color-beige-de","13":"pa_color-feuerrot-de","14":"pa_color-orange-de","15":"pa_color-schwarz-de","16":"pa_color-ultramarineblau-de","17":"pa_color-wassergrun-de","18":"pa_color-weiss-de","19":"pa_composition-nylon-de","20":"pa_composition-silber-de","21":"pa_composition-vergoldung-de","22":"pa_creation-handgemacht-de","23":"pa_genre-frau-de","24":"pa_lieudefabrication-europa-de","25":"pa_motif-geblumt-de","26":"pa_saison-fruhjahrsommer-de","27":"pa_saison-herbstwinter-de","28":"pa_style-glamour-de","29":"pa_style-original-de","30":"pa_style-zeitlos-de","32":"first","33":"instock","34":"taxable","35":"shipping-taxable","36":"purchasable","37":"product-type-variable","38":"has-default-attributes"},"yoast_head":"<!-- This site is optimized with the Yoast SEO plugin v27.4 - https:\/\/yoast.com\/product\/yoast-seo-wordpress\/ -->\n<title>Ginko Blatt Ohrringe umrahmt von zwei goldenen Creolen. - Audacieuse-Galerie<\/title>\n<meta name=\"description\" content=\"Werten Sie Ihren Stil mit diesen Ginkgo-Blatt-Creolen des Designers Tochu DE auf. Ein elegantes und raffiniertes Schmuckst\u00fcck, das von der Natur inspiriert ist und sich perfekt f\u00fcr einen originellen und zeitlosen Touch eignet.\" \/>\n<meta name=\"robots\" content=\"index, follow, max-snippet:-1, max-image-preview:large, max-video-preview:-1\" \/>\n<link rel=\"canonical\" href=\"https:\/\/www.audacieuse-galerie.ch\/de\/produit\/ginkoblatt-ohrring-eingerahmt-von-zwei-vergoldeten-creolen\/\" \/>\n<meta property=\"og:locale\" content=\"de_DE\" \/>\n<meta property=\"og:type\" content=\"article\" \/>\n<meta property=\"og:title\" content=\"Ginko Blatt Ohrringe umrahmt von zwei goldenen Creolen. - Audacieuse-Galerie\" \/>\n<meta property=\"og:description\" content=\"Werten Sie Ihren Stil mit diesen Ginkgo-Blatt-Creolen des Designers Tochu DE auf. Ein elegantes und raffiniertes Schmuckst\u00fcck, das von der Natur inspiriert ist und sich perfekt f\u00fcr einen originellen und zeitlosen Touch eignet.\" \/>\n<meta property=\"og:url\" content=\"https:\/\/www.audacieuse-galerie.ch\/de\/produit\/ginkoblatt-ohrring-eingerahmt-von-zwei-vergoldeten-creolen\/\" \/>\n<meta property=\"og:site_name\" content=\"Audacieuse-Galerie\" \/>\n<meta property=\"article:publisher\" content=\"https:\/\/www.facebook.com\/audacieuse.galerie\" \/>\n<meta property=\"article:modified_time\" content=\"2025-12-23T23:24:10+00:00\" \/>\n<meta property=\"og:image\" content=\"https:\/\/www.audacieuse-galerie.ch\/wp-content\/uploads\/2023\/07\/1449-Boucle-doreille-feuille-de-ginko-encadree-de-deux-creoles-doree.jpg\" \/>\n\t<meta property=\"og:image:width\" content=\"685\" \/>\n\t<meta property=\"og:image:height\" content=\"685\" \/>\n\t<meta property=\"og:image:type\" content=\"image\/jpeg\" \/>\n<meta name=\"twitter:card\" content=\"summary_large_image\" \/>\n<script type=\"application\/ld+json\" class=\"yoast-schema-graph\">{\"@context\":\"https:\\\/\\\/schema.org\",\"@graph\":[{\"@type\":\"ImageObject\",\"inLanguage\":\"de\",\"@id\":\"https:\\\/\\\/www.audacieuse-galerie.ch\\\/de\\\/produit\\\/ginkoblatt-ohrring-eingerahmt-von-zwei-vergoldeten-creolen\\\/#primaryimage\",\"url\":\"https:\\\/\\\/www.audacieuse-galerie.ch\\\/wp-content\\\/uploads\\\/2023\\\/07\\\/1449-Boucle-doreille-feuille-de-ginko-encadree-de-deux-creoles-doree.jpg\",\"contentUrl\":\"https:\\\/\\\/www.audacieuse-galerie.ch\\\/wp-content\\\/uploads\\\/2023\\\/07\\\/1449-Boucle-doreille-feuille-de-ginko-encadree-de-deux-creoles-doree.jpg\",\"width\":685,\"height\":685,\"caption\":\"Ginko-Blatt-Ohrring, umrahmt von zwei goldenen Creolen\"}]}<\/script>\n<!-- \/ Yoast SEO plugin. -->","yoast_head_json":{"title":"Ginko Blatt Ohrringe umrahmt von zwei goldenen Creolen. - Audacieuse-Galerie","description":"Werten Sie Ihren Stil mit diesen Ginkgo-Blatt-Creolen des Designers Tochu DE auf. Ein elegantes und raffiniertes Schmuckst\u00fcck, das von der Natur inspiriert ist und sich perfekt f\u00fcr einen originellen und zeitlosen Touch eignet.","robots":{"index":"index","follow":"follow","max-snippet":"max-snippet:-1","max-image-preview":"max-image-preview:large","max-video-preview":"max-video-preview:-1"},"canonical":"https:\/\/www.audacieuse-galerie.ch\/de\/produit\/ginkoblatt-ohrring-eingerahmt-von-zwei-vergoldeten-creolen\/","og_locale":"de_DE","og_type":"article","og_title":"Ginko Blatt Ohrringe umrahmt von zwei goldenen Creolen. - Audacieuse-Galerie","og_description":"Werten Sie Ihren Stil mit diesen Ginkgo-Blatt-Creolen des Designers Tochu DE auf. Ein elegantes und raffiniertes Schmuckst\u00fcck, das von der Natur inspiriert ist und sich perfekt f\u00fcr einen originellen und zeitlosen Touch eignet.","og_url":"https:\/\/www.audacieuse-galerie.ch\/de\/produit\/ginkoblatt-ohrring-eingerahmt-von-zwei-vergoldeten-creolen\/","og_site_name":"Audacieuse-Galerie","article_publisher":"https:\/\/www.facebook.com\/audacieuse.galerie","article_modified_time":"2025-12-23T23:24:10+00:00","og_image":[{"width":685,"height":685,"url":"https:\/\/www.audacieuse-galerie.ch\/wp-content\/uploads\/2023\/07\/1449-Boucle-doreille-feuille-de-ginko-encadree-de-deux-creoles-doree.jpg","type":"image\/jpeg"}],"twitter_card":"summary_large_image","schema":{"@context":"https:\/\/schema.org","@graph":[{"@type":"ImageObject","inLanguage":"de","@id":"https:\/\/www.audacieuse-galerie.ch\/de\/produit\/ginkoblatt-ohrring-eingerahmt-von-zwei-vergoldeten-creolen\/#primaryimage","url":"https:\/\/www.audacieuse-galerie.ch\/wp-content\/uploads\/2023\/07\/1449-Boucle-doreille-feuille-de-ginko-encadree-de-deux-creoles-doree.jpg","contentUrl":"https:\/\/www.audacieuse-galerie.ch\/wp-content\/uploads\/2023\/07\/1449-Boucle-doreille-feuille-de-ginko-encadree-de-deux-creoles-doree.jpg","width":685,"height":685,"caption":"Ginko-Blatt-Ohrring, umrahmt von zwei goldenen Creolen"}]}},"jetpack_publicize_connections":[],"_links":{"self":[{"href":"https:\/\/www.audacieuse-galerie.ch\/de\/wp-json\/wp\/v2\/product\/70000","targetHints":{"allow":["GET"]}}],"collection":[{"href":"https:\/\/www.audacieuse-galerie.ch\/de\/wp-json\/wp\/v2\/product"}],"about":[{"href":"https:\/\/www.audacieuse-galerie.ch\/de\/wp-json\/wp\/v2\/types\/product"}],"replies":[{"embeddable":true,"href":"https:\/\/www.audacieuse-galerie.ch\/de\/wp-json\/wp\/v2\/comments?post=70000"}],"version-history":[{"count":0,"href":"https:\/\/www.audacieuse-galerie.ch\/de\/wp-json\/wp\/v2\/product\/70000\/revisions"}],"wp:featuredmedia":[{"embeddable":true,"href":"https:\/\/www.audacieuse-galerie.ch\/de\/wp-json\/wp\/v2\/media\/69973"}],"wp:attachment":[{"href":"https:\/\/www.audacieuse-galerie.ch\/de\/wp-json\/wp\/v2\/media?parent=70000"}],"wp:term":[{"taxonomy":"product_brand","embeddable":true,"href":"https:\/\/www.audacieuse-galerie.ch\/de\/wp-json\/wp\/v2\/product_brand?post=70000"},{"taxonomy":"product_cat","embeddable":true,"href":"https:\/\/www.audacieuse-galerie.ch\/de\/wp-json\/wp\/v2\/product_cat?post=70000"},{"taxonomy":"product_tag","embeddable":true,"href":"https:\/\/www.audacieuse-galerie.ch\/de\/wp-json\/wp\/v2\/product_tag?post=70000"}],"curies":[{"name":"wp","href":"https:\/\/api.w.org\/{rel}","templated":true}]}}