{"id":70066,"date":"2023-07-03T14:35:58","date_gmt":"2023-07-03T12:35:58","guid":{"rendered":"https:\/\/woo.audacieuse-galerie.ch\/produit\/ohrring-blumengirlande-3d-druck-haekeln-silber-vergoldet\/"},"modified":"2026-02-16T13:01:22","modified_gmt":"2026-02-16T12:01:22","slug":"ohrring-blumengirlande-3d-druck-haekeln-silber-vergoldet","status":"publish","type":"product","link":"https:\/\/www.audacieuse-galerie.ch\/de\/produit\/ohrring-blumengirlande-3d-druck-haekeln-silber-vergoldet\/","title":{"rendered":"Blumengirlande Ohrring 3D-Druck Haken Silber Gold"},"content":{"rendered":"<p>Dieses im 3D-Druck modellierte Schmuckst\u00fcck aus lasergeschmolzenem Pulver erm\u00f6glicht es, ein Schmuckst\u00fcck zu erhalten, das sehr leicht zu tragen ist. Der silberne Haken ist mit 24 Karat Feingold vergoldet.<\/p>\n<p>Farben: F\u00fcr dieses Modell stehen verschiedene Farben zur Auswahl.<\/p>\n<p>Material: Haken aus 925er Silber, vergoldet mit 24 Karat Feingold (vermeidet jegliches Allergierisiko). Goldener Stahlhaken f\u00fcr die neuesten Muster<\/p>\n<p>Ma\u00dfe: ca. 50 x 10 mm.<\/p>\n<p>Sch\u00f6pfer*innen: Tochu Artisans aus, Deutschland.<\/p>\n","protected":false},"excerpt":{"rendered":"<p>Ein vollblumiger Ohrring mit seiner flexiblen Girlande aus kleinen Blumen in verschiedenen Farben. So viel, um sich tags\u00fcber zu schm\u00fccken, um ein zu klassisches Outfit zu versch\u00f6nern oder um es mit einem festlicheren und sommerlicheren Outfit zu kombinieren.<\/p>\n","protected":false},"featured_media":147266,"comment_status":"open","ping_status":"closed","template":"","meta":{"_glsr_average":0,"_glsr_ranking":0,"_glsr_reviews":0,"jetpack_publicize_message":"","jetpack_publicize_feature_enabled":true,"jetpack_social_post_already_shared":true,"jetpack_social_options":{"image_generator_settings":{"template":"highway","default_image_id":0,"font":"","enabled":false},"version":2}},"product_brand":[],"product_cat":[96,105,102,168,2558],"product_tag":[],"class_list":{"0":"post-70066","1":"product","2":"type-product","3":"status-publish","4":"has-post-thumbnail","6":"product_cat-accessoires-von-schoepfern","7":"product_cat-geschenkideen-aus-pret-a-porter-und-accessoires-fuer-sie-fuer-ihn","8":"product_cat-im-schaufenster-in-carouge-gesehen","9":"product_cat-modische-schmuckstuecke","10":"product_cat-tochu-de-de","11":"pa_color-fuchsiefarb-de","12":"pa_color-rot-de","13":"pa_color-turkis-de","14":"pa_color-ultramarineblau-de","15":"pa_color-weiss-de","17":"first","18":"instock","19":"taxable","20":"shipping-taxable","21":"purchasable","22":"product-type-variable","23":"has-default-attributes"},"yoast_head":"<!-- This site is optimized with the Yoast SEO plugin v27.4 - https:\/\/yoast.com\/product\/yoast-seo-wordpress\/ -->\n<title>Blumengirlande Ohrring 3D-Druck Haken Silber Gold - Audacieuse-Galerie<\/title>\n<meta name=\"description\" content=\"Blumengirlande Ohrring 3D-Druck Haken Silber Gold - Audacieuse-Galerie\" \/>\n<meta name=\"robots\" content=\"index, follow, max-snippet:-1, max-image-preview:large, max-video-preview:-1\" \/>\n<link rel=\"canonical\" href=\"https:\/\/www.audacieuse-galerie.ch\/de\/produit\/ohrring-blumengirlande-3d-druck-haekeln-silber-vergoldet\/\" \/>\n<meta property=\"og:locale\" content=\"de_DE\" \/>\n<meta property=\"og:type\" content=\"article\" \/>\n<meta property=\"og:title\" content=\"Blumengirlande Ohrring 3D-Druck Haken Silber Gold - Audacieuse-Galerie\" \/>\n<meta property=\"og:description\" content=\"Blumengirlande Ohrring 3D-Druck Haken Silber Gold - Audacieuse-Galerie\" \/>\n<meta property=\"og:url\" content=\"https:\/\/www.audacieuse-galerie.ch\/de\/produit\/ohrring-blumengirlande-3d-druck-haekeln-silber-vergoldet\/\" \/>\n<meta property=\"og:site_name\" content=\"Audacieuse-Galerie\" \/>\n<meta property=\"article:publisher\" content=\"https:\/\/www.facebook.com\/audacieuse.galerie\" \/>\n<meta property=\"article:modified_time\" content=\"2026-02-16T12:01:22+00:00\" \/>\n<meta property=\"og:image\" content=\"https:\/\/www.audacieuse-galerie.ch\/wp-content\/uploads\/2025\/12\/boucle-oreille-guirlande-fleurs-bleu-1.webp\" \/>\n\t<meta property=\"og:image:width\" content=\"900\" \/>\n\t<meta property=\"og:image:height\" content=\"900\" \/>\n\t<meta property=\"og:image:type\" content=\"image\/webp\" \/>\n<meta name=\"twitter:card\" content=\"summary_large_image\" \/>\n<script type=\"application\/ld+json\" class=\"yoast-schema-graph\">{\"@context\":\"https:\\\/\\\/schema.org\",\"@graph\":[{\"@type\":\"ImageObject\",\"inLanguage\":\"de\",\"@id\":\"https:\\\/\\\/www.audacieuse-galerie.ch\\\/de\\\/produit\\\/ohrring-blumengirlande-3d-druck-haekeln-silber-vergoldet\\\/#primaryimage\",\"url\":\"https:\\\/\\\/www.audacieuse-galerie.ch\\\/wp-content\\\/uploads\\\/2025\\\/12\\\/boucle-oreille-guirlande-fleurs-bleu-1.webp\",\"contentUrl\":\"https:\\\/\\\/www.audacieuse-galerie.ch\\\/wp-content\\\/uploads\\\/2025\\\/12\\\/boucle-oreille-guirlande-fleurs-bleu-1.webp\",\"width\":900,\"height\":900}]}<\/script>\n<!-- \/ Yoast SEO plugin. -->","yoast_head_json":{"title":"Blumengirlande Ohrring 3D-Druck Haken Silber Gold - Audacieuse-Galerie","description":"Blumengirlande Ohrring 3D-Druck Haken Silber Gold - Audacieuse-Galerie","robots":{"index":"index","follow":"follow","max-snippet":"max-snippet:-1","max-image-preview":"max-image-preview:large","max-video-preview":"max-video-preview:-1"},"canonical":"https:\/\/www.audacieuse-galerie.ch\/de\/produit\/ohrring-blumengirlande-3d-druck-haekeln-silber-vergoldet\/","og_locale":"de_DE","og_type":"article","og_title":"Blumengirlande Ohrring 3D-Druck Haken Silber Gold - Audacieuse-Galerie","og_description":"Blumengirlande Ohrring 3D-Druck Haken Silber Gold - Audacieuse-Galerie","og_url":"https:\/\/www.audacieuse-galerie.ch\/de\/produit\/ohrring-blumengirlande-3d-druck-haekeln-silber-vergoldet\/","og_site_name":"Audacieuse-Galerie","article_publisher":"https:\/\/www.facebook.com\/audacieuse.galerie","article_modified_time":"2026-02-16T12:01:22+00:00","og_image":[{"width":900,"height":900,"url":"https:\/\/www.audacieuse-galerie.ch\/wp-content\/uploads\/2025\/12\/boucle-oreille-guirlande-fleurs-bleu-1.webp","type":"image\/webp"}],"twitter_card":"summary_large_image","schema":{"@context":"https:\/\/schema.org","@graph":[{"@type":"ImageObject","inLanguage":"de","@id":"https:\/\/www.audacieuse-galerie.ch\/de\/produit\/ohrring-blumengirlande-3d-druck-haekeln-silber-vergoldet\/#primaryimage","url":"https:\/\/www.audacieuse-galerie.ch\/wp-content\/uploads\/2025\/12\/boucle-oreille-guirlande-fleurs-bleu-1.webp","contentUrl":"https:\/\/www.audacieuse-galerie.ch\/wp-content\/uploads\/2025\/12\/boucle-oreille-guirlande-fleurs-bleu-1.webp","width":900,"height":900}]}},"jetpack_publicize_connections":[],"_links":{"self":[{"href":"https:\/\/www.audacieuse-galerie.ch\/de\/wp-json\/wp\/v2\/product\/70066","targetHints":{"allow":["GET"]}}],"collection":[{"href":"https:\/\/www.audacieuse-galerie.ch\/de\/wp-json\/wp\/v2\/product"}],"about":[{"href":"https:\/\/www.audacieuse-galerie.ch\/de\/wp-json\/wp\/v2\/types\/product"}],"replies":[{"embeddable":true,"href":"https:\/\/www.audacieuse-galerie.ch\/de\/wp-json\/wp\/v2\/comments?post=70066"}],"version-history":[{"count":0,"href":"https:\/\/www.audacieuse-galerie.ch\/de\/wp-json\/wp\/v2\/product\/70066\/revisions"}],"wp:featuredmedia":[{"embeddable":true,"href":"https:\/\/www.audacieuse-galerie.ch\/de\/wp-json\/wp\/v2\/media\/147266"}],"wp:attachment":[{"href":"https:\/\/www.audacieuse-galerie.ch\/de\/wp-json\/wp\/v2\/media?parent=70066"}],"wp:term":[{"taxonomy":"product_brand","embeddable":true,"href":"https:\/\/www.audacieuse-galerie.ch\/de\/wp-json\/wp\/v2\/product_brand?post=70066"},{"taxonomy":"product_cat","embeddable":true,"href":"https:\/\/www.audacieuse-galerie.ch\/de\/wp-json\/wp\/v2\/product_cat?post=70066"},{"taxonomy":"product_tag","embeddable":true,"href":"https:\/\/www.audacieuse-galerie.ch\/de\/wp-json\/wp\/v2\/product_tag?post=70066"}],"curies":[{"name":"wp","href":"https:\/\/api.w.org\/{rel}","templated":true}]}}