{"id":70092,"date":"2024-01-22T13:06:18","date_gmt":"2024-01-22T12:06:18","guid":{"rendered":"https:\/\/woo.audacieuse-galerie.ch\/produit\/trois-polaroids-sephora-2\/"},"modified":"2025-06-08T18:56:23","modified_gmt":"2025-06-08T16:56:23","slug":"trois-polaroids-sephora-2","status":"publish","type":"product","link":"https:\/\/www.audacieuse-galerie.ch\/de\/produit\/trois-polaroids-sephora-2\/","title":{"rendered":"Drei Sephora Polaroids Fotos"},"content":{"rendered":"<p>Weiblichkeit als Stillleben. Eine Serie, die aus 8&#215;10 cm Polaroid-Filmen hergestellt wird.  Schnappsch\u00fcsse, die zwischen 2022 und 2024 aufgenommen wurden.<br \/>\nDie Modelle werden an Orten mit einer Atmosph\u00e4re der Verlassenheit oder Einsamkeit inszeniert und verewigt. Dieser Kontrast zwischen dem Gebauten und dem Lebendigen erz\u00e4hlt die Geschichte des Vergehens der Zeit, diese Bilder verweisen auf unsere eigene Sterblichkeit.<\/p>\n<p>Drei Polaroids in einem Geh\u00e4use aus echter Eiche. Die Fotografien sind auf der R\u00fcckwand befestigt. Eine Glasscheibe sch\u00fctzt die Polaroids. Der Holzkoffer kann zur Reinigung zerlegt werden.   <\/p>\n","protected":false},"excerpt":{"rendered":"<p>Weiblichkeit als Stillleben. Eine Serie, die aus 8&#215;10 cm Polaroid-Filmen hergestellt wird. <\/p>\n","protected":false},"featured_media":70078,"comment_status":"open","ping_status":"closed","template":"","meta":{"_glsr_average":0,"_glsr_ranking":0,"_glsr_reviews":0,"jetpack_publicize_message":"","jetpack_publicize_feature_enabled":true,"jetpack_social_post_already_shared":true,"jetpack_social_options":{"image_generator_settings":{"template":"highway","default_image_id":0,"font":"","enabled":false},"version":2}},"product_brand":[],"product_cat":[63,222,2223,108,171,192],"product_tag":[],"class_list":{"0":"post-70092","1":"product","2":"type-product","3":"status-publish","4":"has-post-thumbnail","6":"product_cat-auswahlkurator","7":"product_cat-europa","8":"product_cat-fotograf-alexandre-pierre-albert","9":"product_cat-mensch","10":"product_cat-kunstlerischen-aktfotografien","11":"product_cat-polaroid-de","12":"pa_oeuvresnumerotees_limitees-1exemplar-de","13":"pa_techniquesphotographiques-alteprozesse-de","14":"pa_techniquesphotographiques-farbe-de","15":"pa_themesphotographiques-europa-de","16":"pa_themesphotographiques-landschaft-de","17":"pa_themesphotographiques-mensch-de","18":"pa_themesphotographiques-nackt-de","19":"pa_themesphotographiques-portrat-de","21":"first","22":"instock","23":"taxable","24":"shipping-taxable","25":"purchasable","26":"product-type-simple"},"yoast_head":"<!-- This site is optimized with the Yoast SEO plugin v27.4 - https:\/\/yoast.com\/product\/yoast-seo-wordpress\/ -->\n<title>Drei Sephora Polaroids Fotos - Audacieuse-Galerie<\/title>\n<meta name=\"description\" content=\"Drei Sephora Polaroids Fotos - Audacieuse-Galerie\" \/>\n<meta name=\"robots\" content=\"index, follow, max-snippet:-1, max-image-preview:large, max-video-preview:-1\" \/>\n<link rel=\"canonical\" href=\"https:\/\/www.audacieuse-galerie.ch\/de\/produit\/trois-polaroids-sephora-2\/\" \/>\n<meta property=\"og:locale\" content=\"de_DE\" \/>\n<meta property=\"og:type\" content=\"article\" \/>\n<meta property=\"og:title\" content=\"Drei Sephora Polaroids Fotos - Audacieuse-Galerie\" \/>\n<meta property=\"og:description\" content=\"Drei Sephora Polaroids Fotos - Audacieuse-Galerie\" \/>\n<meta property=\"og:url\" content=\"https:\/\/www.audacieuse-galerie.ch\/de\/produit\/trois-polaroids-sephora-2\/\" \/>\n<meta property=\"og:site_name\" content=\"Audacieuse-Galerie\" \/>\n<meta property=\"article:publisher\" content=\"https:\/\/www.facebook.com\/audacieuse.galerie\" \/>\n<meta property=\"article:modified_time\" content=\"2025-06-08T16:56:23+00:00\" \/>\n<meta property=\"og:image\" content=\"https:\/\/www.audacieuse-galerie.ch\/wp-content\/uploads\/2024\/01\/1489-Trois-Polaroids-Sephora.jpg\" \/>\n\t<meta property=\"og:image:width\" content=\"1000\" \/>\n\t<meta property=\"og:image:height\" content=\"1000\" \/>\n\t<meta property=\"og:image:type\" content=\"image\/jpeg\" \/>\n<meta name=\"twitter:card\" content=\"summary_large_image\" \/>\n<meta name=\"twitter:label1\" content=\"Gesch\u00e4tzte Lesezeit\" \/>\n\t<meta name=\"twitter:data1\" content=\"1 Minute\" \/>\n<script type=\"application\/ld+json\" class=\"yoast-schema-graph\">{\"@context\":\"https:\\\/\\\/schema.org\",\"@graph\":[{\"@type\":\"ImageObject\",\"inLanguage\":\"de\",\"@id\":\"https:\\\/\\\/www.audacieuse-galerie.ch\\\/de\\\/produit\\\/trois-polaroids-sephora-2\\\/#primaryimage\",\"url\":\"https:\\\/\\\/www.audacieuse-galerie.ch\\\/wp-content\\\/uploads\\\/2024\\\/01\\\/1489-Trois-Polaroids-Sephora.jpg\",\"contentUrl\":\"https:\\\/\\\/www.audacieuse-galerie.ch\\\/wp-content\\\/uploads\\\/2024\\\/01\\\/1489-Trois-Polaroids-Sephora.jpg\",\"width\":1000,\"height\":1000,\"caption\":\"Drei Sephora Polaroids\"}]}<\/script>\n<!-- \/ Yoast SEO plugin. -->","yoast_head_json":{"title":"Drei Sephora Polaroids Fotos - Audacieuse-Galerie","description":"Drei Sephora Polaroids Fotos - Audacieuse-Galerie","robots":{"index":"index","follow":"follow","max-snippet":"max-snippet:-1","max-image-preview":"max-image-preview:large","max-video-preview":"max-video-preview:-1"},"canonical":"https:\/\/www.audacieuse-galerie.ch\/de\/produit\/trois-polaroids-sephora-2\/","og_locale":"de_DE","og_type":"article","og_title":"Drei Sephora Polaroids Fotos - Audacieuse-Galerie","og_description":"Drei Sephora Polaroids Fotos - Audacieuse-Galerie","og_url":"https:\/\/www.audacieuse-galerie.ch\/de\/produit\/trois-polaroids-sephora-2\/","og_site_name":"Audacieuse-Galerie","article_publisher":"https:\/\/www.facebook.com\/audacieuse.galerie","article_modified_time":"2025-06-08T16:56:23+00:00","og_image":[{"width":1000,"height":1000,"url":"https:\/\/www.audacieuse-galerie.ch\/wp-content\/uploads\/2024\/01\/1489-Trois-Polaroids-Sephora.jpg","type":"image\/jpeg"}],"twitter_card":"summary_large_image","twitter_misc":{"Gesch\u00e4tzte Lesezeit":"1 Minute"},"schema":{"@context":"https:\/\/schema.org","@graph":[{"@type":"ImageObject","inLanguage":"de","@id":"https:\/\/www.audacieuse-galerie.ch\/de\/produit\/trois-polaroids-sephora-2\/#primaryimage","url":"https:\/\/www.audacieuse-galerie.ch\/wp-content\/uploads\/2024\/01\/1489-Trois-Polaroids-Sephora.jpg","contentUrl":"https:\/\/www.audacieuse-galerie.ch\/wp-content\/uploads\/2024\/01\/1489-Trois-Polaroids-Sephora.jpg","width":1000,"height":1000,"caption":"Drei Sephora Polaroids"}]}},"jetpack_publicize_connections":[],"_links":{"self":[{"href":"https:\/\/www.audacieuse-galerie.ch\/de\/wp-json\/wp\/v2\/product\/70092","targetHints":{"allow":["GET"]}}],"collection":[{"href":"https:\/\/www.audacieuse-galerie.ch\/de\/wp-json\/wp\/v2\/product"}],"about":[{"href":"https:\/\/www.audacieuse-galerie.ch\/de\/wp-json\/wp\/v2\/types\/product"}],"replies":[{"embeddable":true,"href":"https:\/\/www.audacieuse-galerie.ch\/de\/wp-json\/wp\/v2\/comments?post=70092"}],"version-history":[{"count":0,"href":"https:\/\/www.audacieuse-galerie.ch\/de\/wp-json\/wp\/v2\/product\/70092\/revisions"}],"wp:featuredmedia":[{"embeddable":true,"href":"https:\/\/www.audacieuse-galerie.ch\/de\/wp-json\/wp\/v2\/media\/70078"}],"wp:attachment":[{"href":"https:\/\/www.audacieuse-galerie.ch\/de\/wp-json\/wp\/v2\/media?parent=70092"}],"wp:term":[{"taxonomy":"product_brand","embeddable":true,"href":"https:\/\/www.audacieuse-galerie.ch\/de\/wp-json\/wp\/v2\/product_brand?post=70092"},{"taxonomy":"product_cat","embeddable":true,"href":"https:\/\/www.audacieuse-galerie.ch\/de\/wp-json\/wp\/v2\/product_cat?post=70092"},{"taxonomy":"product_tag","embeddable":true,"href":"https:\/\/www.audacieuse-galerie.ch\/de\/wp-json\/wp\/v2\/product_tag?post=70092"}],"curies":[{"name":"wp","href":"https:\/\/api.w.org\/{rel}","templated":true}]}}