{"id":7127,"date":"2017-06-15T20:34:04","date_gmt":"2017-06-15T18:34:04","guid":{"rendered":"https:\/\/woo.audacieuse-galerie.ch\/produit\/mir-tv-2\/"},"modified":"2025-06-04T21:38:15","modified_gmt":"2025-06-04T19:38:15","slug":"mir-tv-2","status":"publish","type":"product","link":"https:\/\/www.audacieuse-galerie.ch\/de\/produit\/mir-tv-2\/","title":{"rendered":"Gro\u00dfvater. Zeitgen\u00f6ssische Kunstfotografie."},"content":{"rendered":"<p>In einem dunklen Wohnzimmer schaut ein alter Mann die russischen Nachrichten. Die kleine Kathodenstrahlr\u00f6hre bringt Licht. Ein wahres Symbol. Zeitgen\u00f6ssische Kunstfotografie: Georgii Vinogradov   <\/p>\n","protected":false},"excerpt":{"rendered":"<p class=\"page-heading product-listing\">In einem dunklen Wohnzimmer schaut ein alter Mann die russischen Nachrichten. Die kleine Kathodenstrahlr\u00f6hre bringt Licht. Ein wahres Symbol.    <\/p>\n","protected":false},"featured_media":7055,"comment_status":"open","ping_status":"closed","template":"","meta":{"_glsr_average":0,"_glsr_ranking":0,"_glsr_reviews":0,"jetpack_publicize_message":"","jetpack_publicize_feature_enabled":true,"jetpack_social_post_already_shared":true,"jetpack_social_options":{"image_generator_settings":{"template":"highway","default_image_id":0,"font":"","enabled":false},"version":2}},"product_brand":[],"product_cat":[111,2228,228,108],"product_tag":[],"class_list":{"0":"post-7127","1":"product","2":"type-product","3":"status-publish","4":"has-post-thumbnail","6":"product_cat-farben","7":"product_cat-fotograf-georgii-winogradow","8":"product_cat-innen","9":"product_cat-mensch","10":"pa_dimensions-60x90cm-de","11":"pa_encadrements-dunklesholz-de","12":"pa_encadrements-farben-de","13":"pa_encadrements-grau-de","14":"pa_encadrements-hellesholz-de","15":"pa_encadrements-keinen-de","16":"pa_encadrements-schwarz-de","17":"pa_encadrements-weiss-de","18":"pa_oeuvresnumerotees_limitees-30exemplaren-de","19":"pa_protectionfinitionsupport-20-kunstpapieraufdibondr_alu-de","20":"pa_protectionfinitionsupport-e4-kunstpapieraufholzplatteu-de","21":"pa_techniquesphotographiques-farbe-de","22":"pa_themesphotographiques-innen-de","23":"pa_themesphotographiques-mensch-de","25":"first","26":"instock","27":"taxable","28":"shipping-taxable","29":"purchasable","30":"product-type-variable","31":"has-default-attributes"},"yoast_head":"<!-- This site is optimized with the Yoast SEO plugin v27.4 - https:\/\/yoast.com\/product\/yoast-seo-wordpress\/ -->\n<title>Gro\u00dfvater. Zeitgen\u00f6ssische Kunstfotografie. - Audacieuse-Galerie<\/title>\n<meta name=\"description\" content=\"Gro\u00dfvater. Zeitgen\u00f6ssische Kunstfotografie. - Audacieuse-Galerie\" \/>\n<meta name=\"robots\" content=\"index, follow, max-snippet:-1, max-image-preview:large, max-video-preview:-1\" \/>\n<link rel=\"canonical\" href=\"https:\/\/www.audacieuse-galerie.ch\/de\/produit\/mir-tv-2\/\" \/>\n<meta property=\"og:locale\" content=\"de_DE\" \/>\n<meta property=\"og:type\" content=\"article\" \/>\n<meta property=\"og:title\" content=\"Gro\u00dfvater. Zeitgen\u00f6ssische Kunstfotografie. - Audacieuse-Galerie\" \/>\n<meta property=\"og:description\" content=\"Gro\u00dfvater. Zeitgen\u00f6ssische Kunstfotografie. - Audacieuse-Galerie\" \/>\n<meta property=\"og:url\" content=\"https:\/\/www.audacieuse-galerie.ch\/de\/produit\/mir-tv-2\/\" \/>\n<meta property=\"og:site_name\" content=\"Audacieuse-Galerie\" \/>\n<meta property=\"article:publisher\" content=\"https:\/\/www.facebook.com\/audacieuse.galerie\" \/>\n<meta property=\"article:modified_time\" content=\"2025-06-04T19:38:15+00:00\" \/>\n<meta property=\"og:image\" content=\"https:\/\/www.audacieuse-galerie.ch\/wp-content\/uploads\/2017\/06\/243-MIR-TV.jpg\" \/>\n\t<meta property=\"og:image:width\" content=\"1000\" \/>\n\t<meta property=\"og:image:height\" content=\"667\" \/>\n\t<meta property=\"og:image:type\" content=\"image\/jpeg\" \/>\n<meta name=\"twitter:card\" content=\"summary_large_image\" \/>\n<script type=\"application\/ld+json\" class=\"yoast-schema-graph\">{\"@context\":\"https:\\\/\\\/schema.org\",\"@graph\":[{\"@type\":\"ImageObject\",\"inLanguage\":\"de\",\"@id\":\"https:\\\/\\\/www.audacieuse-galerie.ch\\\/de\\\/produit\\\/mir-tv-2\\\/#primaryimage\",\"url\":\"https:\\\/\\\/www.audacieuse-galerie.ch\\\/wp-content\\\/uploads\\\/2017\\\/06\\\/243-MIR-TV.jpg\",\"contentUrl\":\"https:\\\/\\\/www.audacieuse-galerie.ch\\\/wp-content\\\/uploads\\\/2017\\\/06\\\/243-MIR-TV.jpg\",\"width\":1000,\"height\":667,\"caption\":\"MIR TV\"}]}<\/script>\n<!-- \/ Yoast SEO plugin. -->","yoast_head_json":{"title":"Gro\u00dfvater. Zeitgen\u00f6ssische Kunstfotografie. - Audacieuse-Galerie","description":"Gro\u00dfvater. Zeitgen\u00f6ssische Kunstfotografie. - Audacieuse-Galerie","robots":{"index":"index","follow":"follow","max-snippet":"max-snippet:-1","max-image-preview":"max-image-preview:large","max-video-preview":"max-video-preview:-1"},"canonical":"https:\/\/www.audacieuse-galerie.ch\/de\/produit\/mir-tv-2\/","og_locale":"de_DE","og_type":"article","og_title":"Gro\u00dfvater. Zeitgen\u00f6ssische Kunstfotografie. - Audacieuse-Galerie","og_description":"Gro\u00dfvater. Zeitgen\u00f6ssische Kunstfotografie. - Audacieuse-Galerie","og_url":"https:\/\/www.audacieuse-galerie.ch\/de\/produit\/mir-tv-2\/","og_site_name":"Audacieuse-Galerie","article_publisher":"https:\/\/www.facebook.com\/audacieuse.galerie","article_modified_time":"2025-06-04T19:38:15+00:00","og_image":[{"width":1000,"height":667,"url":"https:\/\/www.audacieuse-galerie.ch\/wp-content\/uploads\/2017\/06\/243-MIR-TV.jpg","type":"image\/jpeg"}],"twitter_card":"summary_large_image","schema":{"@context":"https:\/\/schema.org","@graph":[{"@type":"ImageObject","inLanguage":"de","@id":"https:\/\/www.audacieuse-galerie.ch\/de\/produit\/mir-tv-2\/#primaryimage","url":"https:\/\/www.audacieuse-galerie.ch\/wp-content\/uploads\/2017\/06\/243-MIR-TV.jpg","contentUrl":"https:\/\/www.audacieuse-galerie.ch\/wp-content\/uploads\/2017\/06\/243-MIR-TV.jpg","width":1000,"height":667,"caption":"MIR TV"}]}},"jetpack_publicize_connections":[],"_links":{"self":[{"href":"https:\/\/www.audacieuse-galerie.ch\/de\/wp-json\/wp\/v2\/product\/7127","targetHints":{"allow":["GET"]}}],"collection":[{"href":"https:\/\/www.audacieuse-galerie.ch\/de\/wp-json\/wp\/v2\/product"}],"about":[{"href":"https:\/\/www.audacieuse-galerie.ch\/de\/wp-json\/wp\/v2\/types\/product"}],"replies":[{"embeddable":true,"href":"https:\/\/www.audacieuse-galerie.ch\/de\/wp-json\/wp\/v2\/comments?post=7127"}],"version-history":[{"count":0,"href":"https:\/\/www.audacieuse-galerie.ch\/de\/wp-json\/wp\/v2\/product\/7127\/revisions"}],"wp:featuredmedia":[{"embeddable":true,"href":"https:\/\/www.audacieuse-galerie.ch\/de\/wp-json\/wp\/v2\/media\/7055"}],"wp:attachment":[{"href":"https:\/\/www.audacieuse-galerie.ch\/de\/wp-json\/wp\/v2\/media?parent=7127"}],"wp:term":[{"taxonomy":"product_brand","embeddable":true,"href":"https:\/\/www.audacieuse-galerie.ch\/de\/wp-json\/wp\/v2\/product_brand?post=7127"},{"taxonomy":"product_cat","embeddable":true,"href":"https:\/\/www.audacieuse-galerie.ch\/de\/wp-json\/wp\/v2\/product_cat?post=7127"},{"taxonomy":"product_tag","embeddable":true,"href":"https:\/\/www.audacieuse-galerie.ch\/de\/wp-json\/wp\/v2\/product_tag?post=7127"}],"curies":[{"name":"wp","href":"https:\/\/api.w.org\/{rel}","templated":true}]}}