{"id":7343,"date":"2017-06-17T12:36:20","date_gmt":"2017-06-17T10:36:20","guid":{"rendered":"https:\/\/woo.audacieuse-galerie.ch\/produit\/yaroslava-la-forme-2\/"},"modified":"2025-06-04T21:37:43","modified_gmt":"2025-06-04T19:37:43","slug":"yaroslava-la-forme-2","status":"publish","type":"product","link":"https:\/\/www.audacieuse-galerie.ch\/de\/produit\/yaroslava-la-forme-2\/","title":{"rendered":"Yaroslava die Form"},"content":{"rendered":"<p>Das Projekt Nr. 1 des Typs &#8222;Jaroslawa&#8220; (die Wahl der Freiheit und Sch\u00f6nheit). Yaroslava Nikolayeva praktiziert Bodyfitness, eine Sportart, die selten mit Weiblichkeit in Verbindung gebracht wird. Dennoch \u00e4hnelt die Sch\u00f6nheit ihres K\u00f6rpers der Plastizit\u00e4t einer antiken Skulptur, mit Symmetrie und Harmonie. Kunstfotografie Georgy Vinogradoff.<\/p>\n","protected":false},"excerpt":{"rendered":"<p>Das Projekt Nr. 1 des Typs &#8222;Jaroslawa&#8220; (die Wahl der Freiheit und Sch\u00f6nheit).<\/p>\n","protected":false},"featured_media":7271,"comment_status":"open","ping_status":"closed","template":"","meta":{"_glsr_average":0,"_glsr_ranking":0,"_glsr_reviews":0,"jetpack_publicize_message":"","jetpack_publicize_feature_enabled":true,"jetpack_social_post_already_shared":true,"jetpack_social_options":{"image_generator_settings":{"template":"highway","default_image_id":0,"font":"","enabled":false},"version":2}},"product_brand":[],"product_cat":[2228,108,171,135,246],"product_tag":[],"class_list":{"0":"post-7343","1":"product","2":"type-product","3":"status-publish","4":"has-post-thumbnail","6":"product_cat-fotograf-georgii-winogradow","7":"product_cat-mensch","8":"product_cat-kunstlerischen-aktfotografien","9":"product_cat-schwarz-weiss-fotografie","10":"product_cat-sport-de","11":"pa_dimensions-60x90cm-de","12":"pa_encadrements-dunklesholz-de","13":"pa_encadrements-farben-de","14":"pa_encadrements-grau-de","15":"pa_encadrements-hellesholz-de","16":"pa_encadrements-keinen-de","17":"pa_encadrements-schwarz-de","18":"pa_encadrements-weiss-de","19":"pa_oeuvresnumerotees_limitees-30exemplaren-de","20":"pa_protectionfinitionsupport-20-kunstpapieraufdibondr_alu-de","21":"pa_protectionfinitionsupport-e4-kunstpapieraufholzplatteu-de","22":"pa_techniquesphotographiques-hddruckschwarzweiss-de","23":"pa_themesphotographiques-mensch-de","24":"pa_themesphotographiques-nackt-de","25":"pa_themesphotographiques-sport-de","27":"first","28":"instock","29":"taxable","30":"shipping-taxable","31":"purchasable","32":"product-type-variable","33":"has-default-attributes"},"yoast_head":"<!-- This site is optimized with the Yoast SEO plugin v27.4 - https:\/\/yoast.com\/product\/yoast-seo-wordpress\/ -->\n<title>Yaroslava die Form - Audacieuse-Galerie<\/title>\n<meta name=\"description\" content=\"Yaroslava die Form - Audacieuse-Galerie\" \/>\n<meta name=\"robots\" content=\"index, follow, max-snippet:-1, max-image-preview:large, max-video-preview:-1\" \/>\n<link rel=\"canonical\" href=\"https:\/\/www.audacieuse-galerie.ch\/de\/produit\/yaroslava-la-forme-2\/\" \/>\n<meta property=\"og:locale\" content=\"de_DE\" \/>\n<meta property=\"og:type\" content=\"article\" \/>\n<meta property=\"og:title\" content=\"Yaroslava die Form - Audacieuse-Galerie\" \/>\n<meta property=\"og:description\" content=\"Yaroslava die Form - Audacieuse-Galerie\" \/>\n<meta property=\"og:url\" content=\"https:\/\/www.audacieuse-galerie.ch\/de\/produit\/yaroslava-la-forme-2\/\" \/>\n<meta property=\"og:site_name\" content=\"Audacieuse-Galerie\" \/>\n<meta property=\"article:publisher\" content=\"https:\/\/www.facebook.com\/audacieuse.galerie\" \/>\n<meta property=\"article:modified_time\" content=\"2025-06-04T19:37:43+00:00\" \/>\n<meta property=\"og:image\" content=\"https:\/\/www.audacieuse-galerie.ch\/wp-content\/uploads\/2017\/06\/244-Yaroslava-la-forme.jpg\" \/>\n\t<meta property=\"og:image:width\" content=\"667\" \/>\n\t<meta property=\"og:image:height\" content=\"1000\" \/>\n\t<meta property=\"og:image:type\" content=\"image\/jpeg\" \/>\n<meta name=\"twitter:card\" content=\"summary_large_image\" \/>\n<script type=\"application\/ld+json\" class=\"yoast-schema-graph\">{\"@context\":\"https:\\\/\\\/schema.org\",\"@graph\":[{\"@type\":\"ImageObject\",\"inLanguage\":\"de\",\"@id\":\"https:\\\/\\\/www.audacieuse-galerie.ch\\\/de\\\/produit\\\/yaroslava-la-forme-2\\\/#primaryimage\",\"url\":\"https:\\\/\\\/www.audacieuse-galerie.ch\\\/wp-content\\\/uploads\\\/2017\\\/06\\\/244-Yaroslava-la-forme.jpg\",\"contentUrl\":\"https:\\\/\\\/www.audacieuse-galerie.ch\\\/wp-content\\\/uploads\\\/2017\\\/06\\\/244-Yaroslava-la-forme.jpg\",\"width\":667,\"height\":1000,\"caption\":\"Yaroslava la forme\"}]}<\/script>\n<!-- \/ Yoast SEO plugin. -->","yoast_head_json":{"title":"Yaroslava die Form - Audacieuse-Galerie","description":"Yaroslava die Form - Audacieuse-Galerie","robots":{"index":"index","follow":"follow","max-snippet":"max-snippet:-1","max-image-preview":"max-image-preview:large","max-video-preview":"max-video-preview:-1"},"canonical":"https:\/\/www.audacieuse-galerie.ch\/de\/produit\/yaroslava-la-forme-2\/","og_locale":"de_DE","og_type":"article","og_title":"Yaroslava die Form - Audacieuse-Galerie","og_description":"Yaroslava die Form - Audacieuse-Galerie","og_url":"https:\/\/www.audacieuse-galerie.ch\/de\/produit\/yaroslava-la-forme-2\/","og_site_name":"Audacieuse-Galerie","article_publisher":"https:\/\/www.facebook.com\/audacieuse.galerie","article_modified_time":"2025-06-04T19:37:43+00:00","og_image":[{"width":667,"height":1000,"url":"https:\/\/www.audacieuse-galerie.ch\/wp-content\/uploads\/2017\/06\/244-Yaroslava-la-forme.jpg","type":"image\/jpeg"}],"twitter_card":"summary_large_image","schema":{"@context":"https:\/\/schema.org","@graph":[{"@type":"ImageObject","inLanguage":"de","@id":"https:\/\/www.audacieuse-galerie.ch\/de\/produit\/yaroslava-la-forme-2\/#primaryimage","url":"https:\/\/www.audacieuse-galerie.ch\/wp-content\/uploads\/2017\/06\/244-Yaroslava-la-forme.jpg","contentUrl":"https:\/\/www.audacieuse-galerie.ch\/wp-content\/uploads\/2017\/06\/244-Yaroslava-la-forme.jpg","width":667,"height":1000,"caption":"Yaroslava la forme"}]}},"jetpack_publicize_connections":[],"_links":{"self":[{"href":"https:\/\/www.audacieuse-galerie.ch\/de\/wp-json\/wp\/v2\/product\/7343","targetHints":{"allow":["GET"]}}],"collection":[{"href":"https:\/\/www.audacieuse-galerie.ch\/de\/wp-json\/wp\/v2\/product"}],"about":[{"href":"https:\/\/www.audacieuse-galerie.ch\/de\/wp-json\/wp\/v2\/types\/product"}],"replies":[{"embeddable":true,"href":"https:\/\/www.audacieuse-galerie.ch\/de\/wp-json\/wp\/v2\/comments?post=7343"}],"version-history":[{"count":0,"href":"https:\/\/www.audacieuse-galerie.ch\/de\/wp-json\/wp\/v2\/product\/7343\/revisions"}],"wp:featuredmedia":[{"embeddable":true,"href":"https:\/\/www.audacieuse-galerie.ch\/de\/wp-json\/wp\/v2\/media\/7271"}],"wp:attachment":[{"href":"https:\/\/www.audacieuse-galerie.ch\/de\/wp-json\/wp\/v2\/media?parent=7343"}],"wp:term":[{"taxonomy":"product_brand","embeddable":true,"href":"https:\/\/www.audacieuse-galerie.ch\/de\/wp-json\/wp\/v2\/product_brand?post=7343"},{"taxonomy":"product_cat","embeddable":true,"href":"https:\/\/www.audacieuse-galerie.ch\/de\/wp-json\/wp\/v2\/product_cat?post=7343"},{"taxonomy":"product_tag","embeddable":true,"href":"https:\/\/www.audacieuse-galerie.ch\/de\/wp-json\/wp\/v2\/product_tag?post=7343"}],"curies":[{"name":"wp","href":"https:\/\/api.w.org\/{rel}","templated":true}]}}