{"id":7559,"date":"2017-06-17T13:29:49","date_gmt":"2017-06-17T11:29:49","guid":{"rendered":"https:\/\/woo.audacieuse-galerie.ch\/produit\/yaroslava-la-forme-le-type-2-2\/"},"modified":"2025-06-04T21:37:21","modified_gmt":"2025-06-04T19:37:21","slug":"yaroslava-la-forme-le-type-2-2","status":"publish","type":"product","link":"https:\/\/www.audacieuse-galerie.ch\/de\/produit\/yaroslava-la-forme-le-type-2-2\/","title":{"rendered":"Jaroslawa, die Form \u2013 Typ Nr. 2"},"content":{"rendered":"<p>Das Projekt &#8222;Jaroslawa&#8220; (Die Wahl der Freiheit und Sch\u00f6nheit) Jaroslawa Nikolajewa praktiziert K\u00f6rperfitness. Die Hauptparameter der spirituellen Kultur der Antike waren Selbstwertgef\u00fchl und Selbstvertrauen, das Verst\u00e4ndnis von Freiheit wurde als h\u00f6chste moralische Kategorie wahrgenommen. Das antike Ideal vereint die Sch\u00f6nheit eines perfekten K\u00f6rpers, gro\u00dfe Intelligenz und innere moralische Vollkommenheit. Diese fotografische Arbeit bewundert eine Frau mit einem gesunden K\u00f6rper und einem starken Geist. Kunstfotografie Georgy Vinogradoff.<\/p>\n","protected":false},"excerpt":{"rendered":"<p>Projekt &#8222;Jaroslawa&#8220; (Die Wahl der Freiheit und der Sch\u00f6nheit)<\/p>\n","protected":false},"featured_media":7487,"comment_status":"open","ping_status":"closed","template":"","meta":{"_glsr_average":0,"_glsr_ranking":0,"_glsr_reviews":0,"jetpack_publicize_message":"","jetpack_publicize_feature_enabled":true,"jetpack_social_post_already_shared":true,"jetpack_social_options":{"image_generator_settings":{"template":"highway","default_image_id":0,"font":"","enabled":false},"version":2}},"product_brand":[],"product_cat":[63,2228,108,171,135,246],"product_tag":[],"class_list":{"0":"post-7559","1":"product","2":"type-product","3":"status-publish","4":"has-post-thumbnail","6":"product_cat-auswahlkurator","7":"product_cat-fotograf-georgii-winogradow","8":"product_cat-mensch","9":"product_cat-kunstlerischen-aktfotografien","10":"product_cat-schwarz-weiss-fotografie","11":"product_cat-sport-de","12":"pa_dimensions-60x90cm-de","13":"pa_encadrements-dunklesholz-de","14":"pa_encadrements-farben-de","15":"pa_encadrements-grau-de","16":"pa_encadrements-hellesholz-de","17":"pa_encadrements-keinen-de","18":"pa_encadrements-schwarz-de","19":"pa_encadrements-weiss-de","20":"pa_oeuvresnumerotees_limitees-30exemplaren-de","21":"pa_protectionfinitionsupport-20-kunstpapieraufdibondr_alu-de","22":"pa_protectionfinitionsupport-e4-kunstpapieraufholzplatteu-de","23":"pa_techniquesphotographiques-hddruckschwarzweiss-de","24":"pa_themesphotographiques-mensch-de","25":"pa_themesphotographiques-nackt-de","27":"first","28":"instock","29":"taxable","30":"shipping-taxable","31":"purchasable","32":"product-type-variable","33":"has-default-attributes"},"yoast_head":"<!-- This site is optimized with the Yoast SEO plugin v27.4 - https:\/\/yoast.com\/product\/yoast-seo-wordpress\/ -->\n<title>Jaroslawa, die Form - Typ Nr. 2 - Audacieuse-Galerie<\/title>\n<meta name=\"description\" content=\"Jaroslawa, die Form - Typ Nr. 2 - Audacieuse-Galerie\" \/>\n<meta name=\"robots\" content=\"index, follow, max-snippet:-1, max-image-preview:large, max-video-preview:-1\" \/>\n<link rel=\"canonical\" href=\"https:\/\/www.audacieuse-galerie.ch\/de\/produit\/yaroslava-la-forme-le-type-2-2\/\" \/>\n<meta property=\"og:locale\" content=\"de_DE\" \/>\n<meta property=\"og:type\" content=\"article\" \/>\n<meta property=\"og:title\" content=\"Jaroslawa, die Form - Typ Nr. 2 - Audacieuse-Galerie\" \/>\n<meta property=\"og:description\" content=\"Jaroslawa, die Form - Typ Nr. 2 - Audacieuse-Galerie\" \/>\n<meta property=\"og:url\" content=\"https:\/\/www.audacieuse-galerie.ch\/de\/produit\/yaroslava-la-forme-le-type-2-2\/\" \/>\n<meta property=\"og:site_name\" content=\"Audacieuse-Galerie\" \/>\n<meta property=\"article:publisher\" content=\"https:\/\/www.facebook.com\/audacieuse.galerie\" \/>\n<meta property=\"article:modified_time\" content=\"2025-06-04T19:37:21+00:00\" \/>\n<meta property=\"og:image\" content=\"https:\/\/www.audacieuse-galerie.ch\/wp-content\/uploads\/2017\/06\/245-Yaroslava-la-forme-le-type-No2.jpg\" \/>\n\t<meta property=\"og:image:width\" content=\"667\" \/>\n\t<meta property=\"og:image:height\" content=\"1000\" \/>\n\t<meta property=\"og:image:type\" content=\"image\/jpeg\" \/>\n<meta name=\"twitter:card\" content=\"summary_large_image\" \/>\n<script type=\"application\/ld+json\" class=\"yoast-schema-graph\">{\"@context\":\"https:\\\/\\\/schema.org\",\"@graph\":[{\"@type\":\"ImageObject\",\"inLanguage\":\"de\",\"@id\":\"https:\\\/\\\/www.audacieuse-galerie.ch\\\/de\\\/produit\\\/yaroslava-la-forme-le-type-2-2\\\/#primaryimage\",\"url\":\"https:\\\/\\\/www.audacieuse-galerie.ch\\\/wp-content\\\/uploads\\\/2017\\\/06\\\/245-Yaroslava-la-forme-le-type-No2.jpg\",\"contentUrl\":\"https:\\\/\\\/www.audacieuse-galerie.ch\\\/wp-content\\\/uploads\\\/2017\\\/06\\\/245-Yaroslava-la-forme-le-type-No2.jpg\",\"width\":667,\"height\":1000,\"caption\":\"Jaroslawa, die Form - Typ Nr. 2\"}]}<\/script>\n<!-- \/ Yoast SEO plugin. -->","yoast_head_json":{"title":"Jaroslawa, die Form - Typ Nr. 2 - Audacieuse-Galerie","description":"Jaroslawa, die Form - Typ Nr. 2 - Audacieuse-Galerie","robots":{"index":"index","follow":"follow","max-snippet":"max-snippet:-1","max-image-preview":"max-image-preview:large","max-video-preview":"max-video-preview:-1"},"canonical":"https:\/\/www.audacieuse-galerie.ch\/de\/produit\/yaroslava-la-forme-le-type-2-2\/","og_locale":"de_DE","og_type":"article","og_title":"Jaroslawa, die Form - Typ Nr. 2 - Audacieuse-Galerie","og_description":"Jaroslawa, die Form - Typ Nr. 2 - Audacieuse-Galerie","og_url":"https:\/\/www.audacieuse-galerie.ch\/de\/produit\/yaroslava-la-forme-le-type-2-2\/","og_site_name":"Audacieuse-Galerie","article_publisher":"https:\/\/www.facebook.com\/audacieuse.galerie","article_modified_time":"2025-06-04T19:37:21+00:00","og_image":[{"width":667,"height":1000,"url":"https:\/\/www.audacieuse-galerie.ch\/wp-content\/uploads\/2017\/06\/245-Yaroslava-la-forme-le-type-No2.jpg","type":"image\/jpeg"}],"twitter_card":"summary_large_image","schema":{"@context":"https:\/\/schema.org","@graph":[{"@type":"ImageObject","inLanguage":"de","@id":"https:\/\/www.audacieuse-galerie.ch\/de\/produit\/yaroslava-la-forme-le-type-2-2\/#primaryimage","url":"https:\/\/www.audacieuse-galerie.ch\/wp-content\/uploads\/2017\/06\/245-Yaroslava-la-forme-le-type-No2.jpg","contentUrl":"https:\/\/www.audacieuse-galerie.ch\/wp-content\/uploads\/2017\/06\/245-Yaroslava-la-forme-le-type-No2.jpg","width":667,"height":1000,"caption":"Jaroslawa, die Form - Typ Nr. 2"}]}},"jetpack_publicize_connections":[],"_links":{"self":[{"href":"https:\/\/www.audacieuse-galerie.ch\/de\/wp-json\/wp\/v2\/product\/7559","targetHints":{"allow":["GET"]}}],"collection":[{"href":"https:\/\/www.audacieuse-galerie.ch\/de\/wp-json\/wp\/v2\/product"}],"about":[{"href":"https:\/\/www.audacieuse-galerie.ch\/de\/wp-json\/wp\/v2\/types\/product"}],"replies":[{"embeddable":true,"href":"https:\/\/www.audacieuse-galerie.ch\/de\/wp-json\/wp\/v2\/comments?post=7559"}],"version-history":[{"count":0,"href":"https:\/\/www.audacieuse-galerie.ch\/de\/wp-json\/wp\/v2\/product\/7559\/revisions"}],"wp:featuredmedia":[{"embeddable":true,"href":"https:\/\/www.audacieuse-galerie.ch\/de\/wp-json\/wp\/v2\/media\/7487"}],"wp:attachment":[{"href":"https:\/\/www.audacieuse-galerie.ch\/de\/wp-json\/wp\/v2\/media?parent=7559"}],"wp:term":[{"taxonomy":"product_brand","embeddable":true,"href":"https:\/\/www.audacieuse-galerie.ch\/de\/wp-json\/wp\/v2\/product_brand?post=7559"},{"taxonomy":"product_cat","embeddable":true,"href":"https:\/\/www.audacieuse-galerie.ch\/de\/wp-json\/wp\/v2\/product_cat?post=7559"},{"taxonomy":"product_tag","embeddable":true,"href":"https:\/\/www.audacieuse-galerie.ch\/de\/wp-json\/wp\/v2\/product_tag?post=7559"}],"curies":[{"name":"wp","href":"https:\/\/api.w.org\/{rel}","templated":true}]}}