{"id":7991,"date":"2017-06-17T14:25:58","date_gmt":"2017-06-17T12:25:58","guid":{"rendered":"https:\/\/woo.audacieuse-galerie.ch\/produit\/yaroslava-la-forme-le-type-3-2\/"},"modified":"2025-06-04T21:39:10","modified_gmt":"2025-06-04T19:39:10","slug":"yaroslava-la-forme-le-type-3-2","status":"publish","type":"product","link":"https:\/\/www.audacieuse-galerie.ch\/de\/produit\/yaroslava-la-forme-le-type-3-2\/","title":{"rendered":"Yaroslava die Form \/ Typ No3"},"content":{"rendered":"<p>Projekt &#8222;Jaroslawa&#8220; (Die Wahl der Freiheit und Sch\u00f6nheit) Die Hauptparameter der spirituellen Kultur der Antike waren Selbstachtung und Selbstvertrauen, das Verst\u00e4ndnis der Freiheit wurde als die h\u00f6chste moralische Kategorie wahrgenommen. Das antike Ideal vereint die Sch\u00f6nheit eines perfekten K\u00f6rpers, gro\u00dfe Intelligenz und innere moralische Vollkommenheit. Diese fotografische Arbeit bewundert eine Frau mit einem gesunden K\u00f6rper und einem starken Geist. Fotograf Georgii Winogradow.<\/p>\n","protected":false},"excerpt":{"rendered":"<p>Projekt &#8222;Jaroslawa&#8220; (Die Wahl der Freiheit und Sch\u00f6nheit) Die Hauptparameter der spirituellen Kultur der Antike waren Selbstachtung und Selbstvertrauen, das Verst\u00e4ndnis der Freiheit wurde als die h\u00f6chste moralische Kategorie wahrgenommen.<\/p>\n","protected":false},"featured_media":7919,"comment_status":"open","ping_status":"closed","template":"","meta":{"_glsr_average":0,"_glsr_ranking":0,"_glsr_reviews":0,"jetpack_publicize_message":"","jetpack_publicize_feature_enabled":true,"jetpack_social_post_already_shared":true,"jetpack_social_options":{"image_generator_settings":{"template":"highway","default_image_id":0,"font":"","enabled":false},"version":2}},"product_brand":[],"product_cat":[216,2228,33,108,171,135,246],"product_tag":[],"class_list":{"0":"post-7991","1":"product","2":"type-product","3":"status-publish","4":"has-post-thumbnail","6":"product_cat-asien","7":"product_cat-fotograf-georgii-winogradow","8":"product_cat-kunst-und-fotogalerie-in-carouge-gleich-neben-genf-schweiz","9":"product_cat-mensch","10":"product_cat-kunstlerischen-aktfotografien","11":"product_cat-schwarz-weiss-fotografie","12":"product_cat-sport-de","13":"pa_dimensions-60x90cm-de","14":"pa_encadrements-dunklesholz-de","15":"pa_encadrements-farben-de","16":"pa_encadrements-grau-de","17":"pa_encadrements-hellesholz-de","18":"pa_encadrements-keinen-de","19":"pa_encadrements-schwarz-de","20":"pa_encadrements-weiss-de","21":"pa_oeuvresnumerotees_limitees-30exemplaren-de","22":"pa_protectionfinitionsupport-20-kunstpapieraufdibondr_alu-de","23":"pa_protectionfinitionsupport-e4-kunstpapieraufholzplatteu-de","24":"pa_techniquesphotographiques-hddruckschwarzweiss-de","25":"pa_themesphotographiques-asien-de","26":"pa_themesphotographiques-mensch-de","27":"pa_themesphotographiques-nackt-de","28":"pa_themesphotographiques-sport-de","30":"first","31":"instock","32":"taxable","33":"shipping-taxable","34":"purchasable","35":"product-type-variable","36":"has-default-attributes"},"yoast_head":"<!-- This site is optimized with the Yoast SEO plugin v27.4 - https:\/\/yoast.com\/product\/yoast-seo-wordpress\/ -->\n<title>Yaroslava die Form \/ Typ No3 - Audacieuse-Galerie<\/title>\n<meta name=\"description\" content=\"Yaroslava die Form \/ Typ No3 - Audacieuse-Galerie\" \/>\n<meta name=\"robots\" content=\"index, follow, max-snippet:-1, max-image-preview:large, max-video-preview:-1\" \/>\n<link rel=\"canonical\" href=\"https:\/\/www.audacieuse-galerie.ch\/de\/produit\/yaroslava-la-forme-le-type-3-2\/\" \/>\n<meta property=\"og:locale\" content=\"de_DE\" \/>\n<meta property=\"og:type\" content=\"article\" \/>\n<meta property=\"og:title\" content=\"Yaroslava die Form \/ Typ No3 - Audacieuse-Galerie\" \/>\n<meta property=\"og:description\" content=\"Yaroslava die Form \/ Typ No3 - Audacieuse-Galerie\" \/>\n<meta property=\"og:url\" content=\"https:\/\/www.audacieuse-galerie.ch\/de\/produit\/yaroslava-la-forme-le-type-3-2\/\" \/>\n<meta property=\"og:site_name\" content=\"Audacieuse-Galerie\" \/>\n<meta property=\"article:publisher\" content=\"https:\/\/www.facebook.com\/audacieuse.galerie\" \/>\n<meta property=\"article:modified_time\" content=\"2025-06-04T19:39:10+00:00\" \/>\n<meta property=\"og:image\" content=\"https:\/\/www.audacieuse-galerie.ch\/wp-content\/uploads\/2017\/06\/247-Yaroslava-la-forme-le-type-No3.jpg\" \/>\n\t<meta property=\"og:image:width\" content=\"667\" \/>\n\t<meta property=\"og:image:height\" content=\"1000\" \/>\n\t<meta property=\"og:image:type\" content=\"image\/jpeg\" \/>\n<meta name=\"twitter:card\" content=\"summary_large_image\" \/>\n<script type=\"application\/ld+json\" class=\"yoast-schema-graph\">{\"@context\":\"https:\\\/\\\/schema.org\",\"@graph\":[{\"@type\":\"ImageObject\",\"inLanguage\":\"de\",\"@id\":\"https:\\\/\\\/www.audacieuse-galerie.ch\\\/de\\\/produit\\\/yaroslava-la-forme-le-type-3-2\\\/#primaryimage\",\"url\":\"https:\\\/\\\/www.audacieuse-galerie.ch\\\/wp-content\\\/uploads\\\/2017\\\/06\\\/247-Yaroslava-la-forme-le-type-No3.jpg\",\"contentUrl\":\"https:\\\/\\\/www.audacieuse-galerie.ch\\\/wp-content\\\/uploads\\\/2017\\\/06\\\/247-Yaroslava-la-forme-le-type-No3.jpg\",\"width\":667,\"height\":1000,\"caption\":\"Yaroslava die Form \\\/ Typ No3\"}]}<\/script>\n<!-- \/ Yoast SEO plugin. -->","yoast_head_json":{"title":"Yaroslava die Form \/ Typ No3 - Audacieuse-Galerie","description":"Yaroslava die Form \/ Typ No3 - Audacieuse-Galerie","robots":{"index":"index","follow":"follow","max-snippet":"max-snippet:-1","max-image-preview":"max-image-preview:large","max-video-preview":"max-video-preview:-1"},"canonical":"https:\/\/www.audacieuse-galerie.ch\/de\/produit\/yaroslava-la-forme-le-type-3-2\/","og_locale":"de_DE","og_type":"article","og_title":"Yaroslava die Form \/ Typ No3 - Audacieuse-Galerie","og_description":"Yaroslava die Form \/ Typ No3 - Audacieuse-Galerie","og_url":"https:\/\/www.audacieuse-galerie.ch\/de\/produit\/yaroslava-la-forme-le-type-3-2\/","og_site_name":"Audacieuse-Galerie","article_publisher":"https:\/\/www.facebook.com\/audacieuse.galerie","article_modified_time":"2025-06-04T19:39:10+00:00","og_image":[{"width":667,"height":1000,"url":"https:\/\/www.audacieuse-galerie.ch\/wp-content\/uploads\/2017\/06\/247-Yaroslava-la-forme-le-type-No3.jpg","type":"image\/jpeg"}],"twitter_card":"summary_large_image","schema":{"@context":"https:\/\/schema.org","@graph":[{"@type":"ImageObject","inLanguage":"de","@id":"https:\/\/www.audacieuse-galerie.ch\/de\/produit\/yaroslava-la-forme-le-type-3-2\/#primaryimage","url":"https:\/\/www.audacieuse-galerie.ch\/wp-content\/uploads\/2017\/06\/247-Yaroslava-la-forme-le-type-No3.jpg","contentUrl":"https:\/\/www.audacieuse-galerie.ch\/wp-content\/uploads\/2017\/06\/247-Yaroslava-la-forme-le-type-No3.jpg","width":667,"height":1000,"caption":"Yaroslava die Form \/ Typ No3"}]}},"jetpack_publicize_connections":[],"_links":{"self":[{"href":"https:\/\/www.audacieuse-galerie.ch\/de\/wp-json\/wp\/v2\/product\/7991","targetHints":{"allow":["GET"]}}],"collection":[{"href":"https:\/\/www.audacieuse-galerie.ch\/de\/wp-json\/wp\/v2\/product"}],"about":[{"href":"https:\/\/www.audacieuse-galerie.ch\/de\/wp-json\/wp\/v2\/types\/product"}],"replies":[{"embeddable":true,"href":"https:\/\/www.audacieuse-galerie.ch\/de\/wp-json\/wp\/v2\/comments?post=7991"}],"version-history":[{"count":0,"href":"https:\/\/www.audacieuse-galerie.ch\/de\/wp-json\/wp\/v2\/product\/7991\/revisions"}],"wp:featuredmedia":[{"embeddable":true,"href":"https:\/\/www.audacieuse-galerie.ch\/de\/wp-json\/wp\/v2\/media\/7919"}],"wp:attachment":[{"href":"https:\/\/www.audacieuse-galerie.ch\/de\/wp-json\/wp\/v2\/media?parent=7991"}],"wp:term":[{"taxonomy":"product_brand","embeddable":true,"href":"https:\/\/www.audacieuse-galerie.ch\/de\/wp-json\/wp\/v2\/product_brand?post=7991"},{"taxonomy":"product_cat","embeddable":true,"href":"https:\/\/www.audacieuse-galerie.ch\/de\/wp-json\/wp\/v2\/product_cat?post=7991"},{"taxonomy":"product_tag","embeddable":true,"href":"https:\/\/www.audacieuse-galerie.ch\/de\/wp-json\/wp\/v2\/product_tag?post=7991"}],"curies":[{"name":"wp","href":"https:\/\/api.w.org\/{rel}","templated":true}]}}