{"id":87810,"date":"2024-06-30T12:26:01","date_gmt":"2024-06-30T10:26:01","guid":{"rendered":"https:\/\/woo.audacieuse-galerie.ch\/?post_type=product&#038;p=87810"},"modified":"2026-03-26T12:57:15","modified_gmt":"2026-03-26T11:57:15","slug":"fotograf-fur-konzerten-festivals-shows-copie","status":"publish","type":"product","link":"https:\/\/www.audacieuse-galerie.ch\/de\/produit\/fotograf-fur-konzerten-festivals-shows-copie\/","title":{"rendered":"Professioneller Fotograf f\u00fcr kulturelle Veranstaltungen, Shows &amp; Events"},"content":{"rendered":"<p>Sind Sie Organisator von Kulturveranstaltungen, K\u00fcnstler oder Kommunikationsmanager und suchen einen <strong>spezialisierten professionellen Fotografen<\/strong> ? Vertrauen Sie einem Experten, der die Essenz jeder Show einf\u00e4ngt, von der B\u00fchne bis zu den Emotionen des Publikums. <\/p>\n<h4><strong>Fotos, die Ihre Shows und Veranstaltungen aufwerten<\/strong><\/h4>\n<p>Theater, Tanz, Konzerte, k\u00fcnstlerische Darbietungen&#8230; Jeder Moment verdient es, mit Pr\u00e4zision und Sensibilit\u00e4t festgehalten zu werden. Mit bew\u00e4hrter Expertise in der Performance-Fotografie wird Ihre Veranstaltung im besten Licht pr\u00e4sentiert:<br \/>\n \u2714 <strong>Portr\u00e4ts von K\u00fcnstlern<\/strong> , die ihren Ausdruck und ihre Leidenschaft<br \/>\n\u2714 einfangen <strong>\u00dcbersichten,<\/strong> die die Energie der Band oder der B\u00fchne<br \/>\n\u2714 einfangen <strong>Publikumsatmosph\u00e4re<\/strong> , die die Emotionen und die Wirkung der Show widerspiegelt <\/p>\n<p>Mit einer perfekten Beherrschung des Lichtspiels, der Kontraste und Bewegungen wei\u00df Ihr Fotograf, wie er den perfekten Moment einf\u00e4ngt, <strong>ohne die Show oder das Publikum zu st\u00f6ren.<\/strong><\/p>\n<h4><strong>Ein ma\u00dfgeschneiderter Service und eine schnelle Lieferung von Fotos<\/strong><\/h4>\n<ul>\n<li><strong>Optimierte Fotos f\u00fcr Ihre Kommunikation<\/strong> : ideal f\u00fcr Presse, Social Media und Werbematerialien.<\/li>\n<li><strong>Express-Lieferung<\/strong> : Auswahl der Aufnahmen innerhalb von 24 Stunden oder Postproduktion innerhalb von 48 Stunden mit leichter Retusche und Zuschneiden.<\/li>\n<li><strong>Premium-Drucke<\/strong> : Verleihen Sie Ihrer Veranstaltung optional dauerhafte Sichtbarkeit mit <strong>gerahmten Drucken auf Fine-Art-Papier<\/strong>, perfekt f\u00fcr Ihre B\u00fcros, Empfangsr\u00e4ume und Showrooms.<\/li>\n<\/ul>\n<p><strong>Vertraue deine Fotos einem Profi an, der jeden Moment sublimiert und dein Image st\u00e4rkt! Buchen Sie hier online oder <a href=\"https:\/\/www.audacieuse-galerie.ch\/contact-us\/\">kontaktieren Sie uns<\/a> f\u00fcr ein pers\u00f6nliches Angebot. <\/strong><\/p>\n","protected":false},"excerpt":{"rendered":"<p>Wenden Sie sich f\u00fcr Konzerte, Festivals oder Partys, kleine oder gro\u00dfe kulturelle Veranstaltungen an unseren professionellen und erfahrenen Fotografen: Er kann das beste Portr\u00e4t der K\u00fcnstler aufnehmen und \u00fcber die Atmosph\u00e4re der Veranstaltung berichten.<\/p>\n","protected":false},"featured_media":75781,"comment_status":"open","ping_status":"closed","template":"","meta":{"_glsr_average":0,"_glsr_ranking":0,"_glsr_reviews":0,"jetpack_publicize_message":"","jetpack_publicize_feature_enabled":true,"jetpack_social_post_already_shared":true,"jetpack_social_options":{"image_generator_settings":{"template":"highway","default_image_id":0,"font":"","enabled":false},"version":2}},"product_brand":[],"product_cat":[162,267],"product_tag":[2165,2161,2152,2164,2154,2153,2155,2149,2167,2160,2157,2162,2166,2163,2150,2151,2159,2156,2158],"class_list":{"0":"post-87810","1":"product","2":"type-product","3":"status-publish","4":"has-post-thumbnail","6":"product_cat-eventfotografie","7":"product_cat-konzerte-partys-und-feste","8":"product_tag-abende","9":"product_tag-atmosphare","10":"product_tag-eindrucke","11":"product_tag-festivals-de","12":"product_tag-filmmaterial","13":"product_tag-fotografie","14":"product_tag-fotomontagen","15":"product_tag-genf","16":"product_tag-hohe-auflosung","17":"product_tag-konzerte","18":"product_tag-kulturelle-veranstaltung","19":"product_tag-kunstler","20":"product_tag-online","21":"product_tag-plakat","22":"product_tag-professioneller-fotograf","23":"product_tag-reservierung","24":"product_tag-tanzen","25":"product_tag-theaterauffuhrungen","26":"product_tag-zeigt","27":"bookacti-activity","29":"first","30":"instock","31":"sale","32":"featured","33":"virtual","34":"taxable","35":"purchasable","36":"product-type-simple"},"yoast_head":"<!-- This site is optimized with the Yoast SEO plugin v27.4 - https:\/\/yoast.com\/product\/yoast-seo-wordpress\/ -->\n<title>Fotograf exklusiver privater Partys und Veranstaltungen<\/title>\n<meta name=\"description\" content=\"Professioneller Fotograf exklusiver privater Partys: Geburtstage, Partys und Elite-Events. Verfeinerte Fotos, hochwertige Ausr\u00fcstung, Diskretion.\" \/>\n<meta name=\"robots\" content=\"index, follow, max-snippet:-1, max-image-preview:large, max-video-preview:-1\" \/>\n<link rel=\"canonical\" href=\"https:\/\/www.audacieuse-galerie.ch\/de\/produit\/fotograf-fur-konzerten-festivals-shows-copie\/\" \/>\n<meta property=\"og:locale\" content=\"de_DE\" \/>\n<meta property=\"og:type\" content=\"article\" \/>\n<meta property=\"og:title\" content=\"Fotograf exklusiver privater Partys und Veranstaltungen\" \/>\n<meta property=\"og:description\" content=\"Professioneller Fotograf exklusiver privater Partys: Geburtstage, Partys und Elite-Events. Verfeinerte Fotos, hochwertige Ausr\u00fcstung, Diskretion.\" \/>\n<meta property=\"og:url\" content=\"https:\/\/www.audacieuse-galerie.ch\/de\/produit\/fotograf-fur-konzerten-festivals-shows-copie\/\" \/>\n<meta property=\"og:site_name\" content=\"Audacieuse-Galerie\" \/>\n<meta property=\"article:publisher\" content=\"https:\/\/www.facebook.com\/audacieuse.galerie\" \/>\n<meta property=\"article:modified_time\" content=\"2026-03-26T11:57:15+00:00\" \/>\n<meta property=\"og:image\" content=\"https:\/\/www.audacieuse-galerie.ch\/wp-content\/uploads\/2024\/04\/pianorouge.jpg\" \/>\n\t<meta property=\"og:image:width\" content=\"1200\" \/>\n\t<meta property=\"og:image:height\" content=\"1087\" \/>\n\t<meta property=\"og:image:type\" content=\"image\/jpeg\" \/>\n<meta name=\"twitter:card\" content=\"summary_large_image\" \/>\n<meta name=\"twitter:label1\" content=\"Gesch\u00e4tzte Lesezeit\" \/>\n\t<meta name=\"twitter:data1\" content=\"1 Minute\" \/>\n<script type=\"application\/ld+json\" class=\"yoast-schema-graph\">{\"@context\":\"https:\\\/\\\/schema.org\",\"@graph\":[{\"@type\":\"ImageObject\",\"inLanguage\":\"de\",\"@id\":\"https:\\\/\\\/www.audacieuse-galerie.ch\\\/de\\\/produit\\\/fotograf-fur-konzerten-festivals-shows-copie\\\/#primaryimage\",\"url\":\"https:\\\/\\\/www.audacieuse-galerie.ch\\\/wp-content\\\/uploads\\\/2024\\\/04\\\/pianorouge.jpg\",\"contentUrl\":\"https:\\\/\\\/www.audacieuse-galerie.ch\\\/wp-content\\\/uploads\\\/2024\\\/04\\\/pianorouge.jpg\",\"width\":1200,\"height\":1087,\"caption\":\"Pianist im roten Kleid\"}]}<\/script>\n<!-- \/ Yoast SEO plugin. -->","yoast_head_json":{"title":"Fotograf exklusiver privater Partys und Veranstaltungen","description":"Professioneller Fotograf exklusiver privater Partys: Geburtstage, Partys und Elite-Events. Verfeinerte Fotos, hochwertige Ausr\u00fcstung, Diskretion.","robots":{"index":"index","follow":"follow","max-snippet":"max-snippet:-1","max-image-preview":"max-image-preview:large","max-video-preview":"max-video-preview:-1"},"canonical":"https:\/\/www.audacieuse-galerie.ch\/de\/produit\/fotograf-fur-konzerten-festivals-shows-copie\/","og_locale":"de_DE","og_type":"article","og_title":"Fotograf exklusiver privater Partys und Veranstaltungen","og_description":"Professioneller Fotograf exklusiver privater Partys: Geburtstage, Partys und Elite-Events. Verfeinerte Fotos, hochwertige Ausr\u00fcstung, Diskretion.","og_url":"https:\/\/www.audacieuse-galerie.ch\/de\/produit\/fotograf-fur-konzerten-festivals-shows-copie\/","og_site_name":"Audacieuse-Galerie","article_publisher":"https:\/\/www.facebook.com\/audacieuse.galerie","article_modified_time":"2026-03-26T11:57:15+00:00","og_image":[{"width":1200,"height":1087,"url":"https:\/\/www.audacieuse-galerie.ch\/wp-content\/uploads\/2024\/04\/pianorouge.jpg","type":"image\/jpeg"}],"twitter_card":"summary_large_image","twitter_misc":{"Gesch\u00e4tzte Lesezeit":"1 Minute"},"schema":{"@context":"https:\/\/schema.org","@graph":[{"@type":"ImageObject","inLanguage":"de","@id":"https:\/\/www.audacieuse-galerie.ch\/de\/produit\/fotograf-fur-konzerten-festivals-shows-copie\/#primaryimage","url":"https:\/\/www.audacieuse-galerie.ch\/wp-content\/uploads\/2024\/04\/pianorouge.jpg","contentUrl":"https:\/\/www.audacieuse-galerie.ch\/wp-content\/uploads\/2024\/04\/pianorouge.jpg","width":1200,"height":1087,"caption":"Pianist im roten Kleid"}]}},"jetpack_publicize_connections":[],"_links":{"self":[{"href":"https:\/\/www.audacieuse-galerie.ch\/de\/wp-json\/wp\/v2\/product\/87810","targetHints":{"allow":["GET"]}}],"collection":[{"href":"https:\/\/www.audacieuse-galerie.ch\/de\/wp-json\/wp\/v2\/product"}],"about":[{"href":"https:\/\/www.audacieuse-galerie.ch\/de\/wp-json\/wp\/v2\/types\/product"}],"replies":[{"embeddable":true,"href":"https:\/\/www.audacieuse-galerie.ch\/de\/wp-json\/wp\/v2\/comments?post=87810"}],"version-history":[{"count":0,"href":"https:\/\/www.audacieuse-galerie.ch\/de\/wp-json\/wp\/v2\/product\/87810\/revisions"}],"wp:featuredmedia":[{"embeddable":true,"href":"https:\/\/www.audacieuse-galerie.ch\/de\/wp-json\/wp\/v2\/media\/75781"}],"wp:attachment":[{"href":"https:\/\/www.audacieuse-galerie.ch\/de\/wp-json\/wp\/v2\/media?parent=87810"}],"wp:term":[{"taxonomy":"product_brand","embeddable":true,"href":"https:\/\/www.audacieuse-galerie.ch\/de\/wp-json\/wp\/v2\/product_brand?post=87810"},{"taxonomy":"product_cat","embeddable":true,"href":"https:\/\/www.audacieuse-galerie.ch\/de\/wp-json\/wp\/v2\/product_cat?post=87810"},{"taxonomy":"product_tag","embeddable":true,"href":"https:\/\/www.audacieuse-galerie.ch\/de\/wp-json\/wp\/v2\/product_tag?post=87810"}],"curies":[{"name":"wp","href":"https:\/\/api.w.org\/{rel}","templated":true}]}}