{"id":120962,"date":"2025-02-22T19:53:51","date_gmt":"2025-02-22T18:53:51","guid":{"rendered":"https:\/\/woo.audacieuse-galerie.ch\/produit\/molding-pattern-making-course\/"},"modified":"2026-03-04T23:21:48","modified_gmt":"2026-03-04T22:21:48","slug":"molding-pattern-making-course","status":"publish","type":"product","link":"https:\/\/www.audacieuse-galerie.ch\/en\/produit\/molding-pattern-making-course\/","title":{"rendered":"Molding pattern making course"},"content":{"rendered":"","protected":false},"excerpt":{"rendered":"<p>Discover our molding pattern making course, a training course designed to allow you to master all the techniques essential to creating accurate patterns and molding unique garments. Que vous soyez d\u00e9butant ou professionnel, nous vous proposons un apprentissage pratique, \u00e0 votre niveau pour donner vie \u00e0 vos projets cr\u00e9atifs.<\/p>\n","protected":false},"featured_media":143483,"comment_status":"open","ping_status":"closed","template":"elementor_theme","meta":{"jetpack_publicize_message":"","jetpack_publicize_feature_enabled":true,"jetpack_social_post_already_shared":false,"jetpack_social_options":{"image_generator_settings":{"template":"highway","default_image_id":0,"font":"","enabled":false},"version":2}},"product_brand":[],"product_cat":[121,82],"product_tag":[],"class_list":{"0":"post-120962","1":"product","2":"type-product","3":"status-publish","4":"has-post-thumbnail","6":"product_cat-carouge-geneva-tailoring-course","7":"product_cat-sewing-workshop-in-carouge-geneva","8":"bookacti-activity","10":"first","11":"instock","12":"virtual","13":"taxable","14":"purchasable","15":"product-type-simple"},"yoast_head":"<!-- This site is optimized with the Yoast SEO plugin v27.3 - https:\/\/yoast.com\/product\/yoast-seo-wordpress\/ -->\n<title>Molding pattern making course<\/title>\n<meta name=\"description\" content=\"Discover our molding pattern making course, a comprehensive and innovative training designed to allow you to master all the techniques essential to creating accurate patterns and molding unique garments. Whether you are a beginner or a professional, we offer hands-on learning, at your level to bring your creative projects to life.\" \/>\n<meta name=\"robots\" content=\"index, follow, max-snippet:-1, max-image-preview:large, max-video-preview:-1\" \/>\n<link rel=\"canonical\" href=\"https:\/\/www.audacieuse-galerie.ch\/en\/produit\/molding-pattern-making-course\/\" \/>\n<meta property=\"og:locale\" content=\"en_US\" \/>\n<meta property=\"og:type\" content=\"article\" \/>\n<meta property=\"og:title\" content=\"Molding pattern making course\" \/>\n<meta property=\"og:description\" content=\"Discover our molding pattern making course, a comprehensive and innovative training designed to allow you to master all the techniques essential to creating accurate patterns and molding unique garments. Whether you are a beginner or a professional, we offer hands-on learning, at your level to bring your creative projects to life.\" \/>\n<meta property=\"og:url\" content=\"https:\/\/www.audacieuse-galerie.ch\/en\/produit\/molding-pattern-making-course\/\" \/>\n<meta property=\"og:site_name\" content=\"Audacieuse-Galerie\" \/>\n<meta property=\"article:publisher\" content=\"https:\/\/www.facebook.com\/audacieuse.galerie\" \/>\n<meta property=\"article:modified_time\" content=\"2026-03-04T22:21:48+00:00\" \/>\n<meta property=\"og:image\" content=\"https:\/\/www.audacieuse-galerie.ch\/wp-content\/uploads\/2025\/10\/42js5idjmu8-e1760999482631.jpg\" \/>\n\t<meta property=\"og:image:width\" content=\"694\" \/>\n\t<meta property=\"og:image:height\" content=\"568\" \/>\n\t<meta property=\"og:image:type\" content=\"image\/jpeg\" \/>\n<meta name=\"twitter:card\" content=\"summary_large_image\" \/>\n<meta name=\"twitter:label1\" content=\"Est. reading time\" \/>\n\t<meta name=\"twitter:data1\" content=\"1 minute\" \/>\n<script type=\"application\/ld+json\" class=\"yoast-schema-graph\">{\"@context\":\"https:\\\/\\\/schema.org\",\"@graph\":[{\"@type\":\"WebPage\",\"@id\":\"https:\\\/\\\/www.audacieuse-galerie.ch\\\/en\\\/produit\\\/molding-pattern-making-course\\\/\",\"url\":\"https:\\\/\\\/www.audacieuse-galerie.ch\\\/en\\\/produit\\\/molding-pattern-making-course\\\/\",\"name\":\"Molding pattern making course\",\"isPartOf\":{\"@id\":\"https:\\\/\\\/www.audacieuse-galerie.ch\\\/en\\\/#website\"},\"primaryImageOfPage\":{\"@id\":\"https:\\\/\\\/www.audacieuse-galerie.ch\\\/en\\\/produit\\\/molding-pattern-making-course\\\/#primaryimage\"},\"image\":{\"@id\":\"https:\\\/\\\/www.audacieuse-galerie.ch\\\/en\\\/produit\\\/molding-pattern-making-course\\\/#primaryimage\"},\"thumbnailUrl\":\"https:\\\/\\\/www.audacieuse-galerie.ch\\\/wp-content\\\/uploads\\\/2025\\\/10\\\/42js5idjmu8-e1760999482631.jpg\",\"datePublished\":\"2025-02-22T18:53:51+00:00\",\"dateModified\":\"2026-03-04T22:21:48+00:00\",\"description\":\"Discover our molding pattern making course, a comprehensive and innovative training designed to allow you to master all the techniques essential to creating accurate patterns and molding unique garments. Whether you are a beginner or a professional, we offer hands-on learning, at your level to bring your creative projects to life.\",\"breadcrumb\":{\"@id\":\"https:\\\/\\\/www.audacieuse-galerie.ch\\\/en\\\/produit\\\/molding-pattern-making-course\\\/#breadcrumb\"},\"inLanguage\":\"en-US\",\"potentialAction\":[{\"@type\":\"ReadAction\",\"target\":[\"https:\\\/\\\/www.audacieuse-galerie.ch\\\/en\\\/produit\\\/molding-pattern-making-course\\\/\"]}]},{\"@type\":\"ImageObject\",\"inLanguage\":\"en-US\",\"@id\":\"https:\\\/\\\/www.audacieuse-galerie.ch\\\/en\\\/produit\\\/molding-pattern-making-course\\\/#primaryimage\",\"url\":\"https:\\\/\\\/www.audacieuse-galerie.ch\\\/wp-content\\\/uploads\\\/2025\\\/10\\\/42js5idjmu8-e1760999482631.jpg\",\"contentUrl\":\"https:\\\/\\\/www.audacieuse-galerie.ch\\\/wp-content\\\/uploads\\\/2025\\\/10\\\/42js5idjmu8-e1760999482631.jpg\",\"width\":694,\"height\":568,\"caption\":\"Elegant model in a black dress.\"},{\"@type\":\"BreadcrumbList\",\"@id\":\"https:\\\/\\\/www.audacieuse-galerie.ch\\\/en\\\/produit\\\/molding-pattern-making-course\\\/#breadcrumb\",\"itemListElement\":[{\"@type\":\"ListItem\",\"position\":1,\"name\":\"Home\",\"item\":\"https:\\\/\\\/www.audacieuse-galerie.ch\\\/en\\\/\"},{\"@type\":\"ListItem\",\"position\":2,\"name\":\"All our products\",\"item\":\"https:\\\/\\\/www.audacieuse-galerie.ch\\\/tous-nos-produits\\\/\"},{\"@type\":\"ListItem\",\"position\":3,\"name\":\"Molding pattern making course\"}]},{\"@type\":\"WebSite\",\"@id\":\"https:\\\/\\\/www.audacieuse-galerie.ch\\\/en\\\/#website\",\"url\":\"https:\\\/\\\/www.audacieuse-galerie.ch\\\/en\\\/\",\"name\":\"Audacieuse-Galerie\",\"description\":\"Mode et Images\",\"potentialAction\":[{\"@type\":\"SearchAction\",\"target\":{\"@type\":\"EntryPoint\",\"urlTemplate\":\"https:\\\/\\\/www.audacieuse-galerie.ch\\\/en\\\/?s={search_term_string}\"},\"query-input\":{\"@type\":\"PropertyValueSpecification\",\"valueRequired\":true,\"valueName\":\"search_term_string\"}}],\"inLanguage\":\"en-US\"}]}<\/script>\n<!-- \/ Yoast SEO plugin. -->","yoast_head_json":{"title":"Molding pattern making course","description":"Discover our molding pattern making course, a comprehensive and innovative training designed to allow you to master all the techniques essential to creating accurate patterns and molding unique garments. Whether you are a beginner or a professional, we offer hands-on learning, at your level to bring your creative projects to life.","robots":{"index":"index","follow":"follow","max-snippet":"max-snippet:-1","max-image-preview":"max-image-preview:large","max-video-preview":"max-video-preview:-1"},"canonical":"https:\/\/www.audacieuse-galerie.ch\/en\/produit\/molding-pattern-making-course\/","og_locale":"en_US","og_type":"article","og_title":"Molding pattern making course","og_description":"Discover our molding pattern making course, a comprehensive and innovative training designed to allow you to master all the techniques essential to creating accurate patterns and molding unique garments. Whether you are a beginner or a professional, we offer hands-on learning, at your level to bring your creative projects to life.","og_url":"https:\/\/www.audacieuse-galerie.ch\/en\/produit\/molding-pattern-making-course\/","og_site_name":"Audacieuse-Galerie","article_publisher":"https:\/\/www.facebook.com\/audacieuse.galerie","article_modified_time":"2026-03-04T22:21:48+00:00","og_image":[{"width":694,"height":568,"url":"https:\/\/www.audacieuse-galerie.ch\/wp-content\/uploads\/2025\/10\/42js5idjmu8-e1760999482631.jpg","type":"image\/jpeg"}],"twitter_card":"summary_large_image","twitter_misc":{"Est. reading time":"1 minute"},"schema":{"@context":"https:\/\/schema.org","@graph":[{"@type":"WebPage","@id":"https:\/\/www.audacieuse-galerie.ch\/en\/produit\/molding-pattern-making-course\/","url":"https:\/\/www.audacieuse-galerie.ch\/en\/produit\/molding-pattern-making-course\/","name":"Molding pattern making course","isPartOf":{"@id":"https:\/\/www.audacieuse-galerie.ch\/en\/#website"},"primaryImageOfPage":{"@id":"https:\/\/www.audacieuse-galerie.ch\/en\/produit\/molding-pattern-making-course\/#primaryimage"},"image":{"@id":"https:\/\/www.audacieuse-galerie.ch\/en\/produit\/molding-pattern-making-course\/#primaryimage"},"thumbnailUrl":"https:\/\/www.audacieuse-galerie.ch\/wp-content\/uploads\/2025\/10\/42js5idjmu8-e1760999482631.jpg","datePublished":"2025-02-22T18:53:51+00:00","dateModified":"2026-03-04T22:21:48+00:00","description":"Discover our molding pattern making course, a comprehensive and innovative training designed to allow you to master all the techniques essential to creating accurate patterns and molding unique garments. Whether you are a beginner or a professional, we offer hands-on learning, at your level to bring your creative projects to life.","breadcrumb":{"@id":"https:\/\/www.audacieuse-galerie.ch\/en\/produit\/molding-pattern-making-course\/#breadcrumb"},"inLanguage":"en-US","potentialAction":[{"@type":"ReadAction","target":["https:\/\/www.audacieuse-galerie.ch\/en\/produit\/molding-pattern-making-course\/"]}]},{"@type":"ImageObject","inLanguage":"en-US","@id":"https:\/\/www.audacieuse-galerie.ch\/en\/produit\/molding-pattern-making-course\/#primaryimage","url":"https:\/\/www.audacieuse-galerie.ch\/wp-content\/uploads\/2025\/10\/42js5idjmu8-e1760999482631.jpg","contentUrl":"https:\/\/www.audacieuse-galerie.ch\/wp-content\/uploads\/2025\/10\/42js5idjmu8-e1760999482631.jpg","width":694,"height":568,"caption":"Elegant model in a black dress."},{"@type":"BreadcrumbList","@id":"https:\/\/www.audacieuse-galerie.ch\/en\/produit\/molding-pattern-making-course\/#breadcrumb","itemListElement":[{"@type":"ListItem","position":1,"name":"Home","item":"https:\/\/www.audacieuse-galerie.ch\/en\/"},{"@type":"ListItem","position":2,"name":"All our products","item":"https:\/\/www.audacieuse-galerie.ch\/tous-nos-produits\/"},{"@type":"ListItem","position":3,"name":"Molding pattern making course"}]},{"@type":"WebSite","@id":"https:\/\/www.audacieuse-galerie.ch\/en\/#website","url":"https:\/\/www.audacieuse-galerie.ch\/en\/","name":"Audacieuse-Galerie","description":"Mode et Images","potentialAction":[{"@type":"SearchAction","target":{"@type":"EntryPoint","urlTemplate":"https:\/\/www.audacieuse-galerie.ch\/en\/?s={search_term_string}"},"query-input":{"@type":"PropertyValueSpecification","valueRequired":true,"valueName":"search_term_string"}}],"inLanguage":"en-US"}]}},"jetpack_publicize_connections":[],"_links":{"self":[{"href":"https:\/\/www.audacieuse-galerie.ch\/en\/wp-json\/wp\/v2\/product\/120962","targetHints":{"allow":["GET"]}}],"collection":[{"href":"https:\/\/www.audacieuse-galerie.ch\/en\/wp-json\/wp\/v2\/product"}],"about":[{"href":"https:\/\/www.audacieuse-galerie.ch\/en\/wp-json\/wp\/v2\/types\/product"}],"replies":[{"embeddable":true,"href":"https:\/\/www.audacieuse-galerie.ch\/en\/wp-json\/wp\/v2\/comments?post=120962"}],"version-history":[{"count":0,"href":"https:\/\/www.audacieuse-galerie.ch\/en\/wp-json\/wp\/v2\/product\/120962\/revisions"}],"wp:featuredmedia":[{"embeddable":true,"href":"https:\/\/www.audacieuse-galerie.ch\/en\/wp-json\/wp\/v2\/media\/143483"}],"wp:attachment":[{"href":"https:\/\/www.audacieuse-galerie.ch\/en\/wp-json\/wp\/v2\/media?parent=120962"}],"wp:term":[{"taxonomy":"product_brand","embeddable":true,"href":"https:\/\/www.audacieuse-galerie.ch\/en\/wp-json\/wp\/v2\/product_brand?post=120962"},{"taxonomy":"product_cat","embeddable":true,"href":"https:\/\/www.audacieuse-galerie.ch\/en\/wp-json\/wp\/v2\/product_cat?post=120962"},{"taxonomy":"product_tag","embeddable":true,"href":"https:\/\/www.audacieuse-galerie.ch\/en\/wp-json\/wp\/v2\/product_tag?post=120962"}],"curies":[{"name":"wp","href":"https:\/\/api.w.org\/{rel}","templated":true}]}}