{"id":17741,"date":"2017-06-19T11:12:32","date_gmt":"2017-06-19T09:12:32","guid":{"rendered":"https:\/\/woo.audacieuse-galerie.ch\/produit\/neissenee-2\/"},"modified":"2025-06-05T14:03:05","modified_gmt":"2025-06-05T12:03:05","slug":"neissenee-2","status":"publish","type":"product","link":"https:\/\/www.audacieuse-galerie.ch\/en\/produit\/neissenee-2\/","title":{"rendered":"Ne\u00efss\u00e9n\u00e9e"},"content":{"rendered":"<p style=\"margin-bottom:0cm;font-style:normal;\">Acronym for various Egyptian deities evoking order and disorder, harmony and destruction, life and death! Nephthys, Isis, Seth, Nun, Nebethetepet etc&#8230; as a multiple and polymorphous deity bringing together the 4 fundamental elements of the Platonic tradition and evoking the 4 mythical sources of the Nile, the 4 cardinal points but also the 4 horsemen of the Apocalypse but also the 4 bases forming the strands of DNA illustrating Creation but also the included and programmed destruction. The aspiration to the divine to extract the lethal data from these building blocks of the living.<\/p>\n","protected":false},"excerpt":{"rendered":"<p>Acronym for various Egyptian deities evoking order and disorder, harmony and destruction, life and death! Nephthys, Isis, Seth, Nun, Nebethetepet etc&#8230; <\/p>\n","protected":false},"featured_media":17695,"comment_status":"open","ping_status":"closed","template":"","meta":{"_glsr_average":0,"_glsr_ranking":0,"_glsr_reviews":0,"jetpack_publicize_message":"","jetpack_publicize_feature_enabled":true,"jetpack_social_post_already_shared":true,"jetpack_social_options":{"image_generator_settings":{"template":"highway","default_image_id":0,"font":"","enabled":false},"version":2}},"product_brand":[],"product_cat":[112,178,154,2218,133],"product_tag":[],"class_list":{"0":"post-17741","1":"product","2":"type-product","3":"status-publish","4":"has-post-thumbnail","6":"product_cat-color","7":"product_cat-experimental-methods","8":"product_cat-graphic","9":"product_cat-photographer-maximilien-minsk","10":"product_cat-portraits-en","11":"pa_dimensions-120x120cm-en","12":"pa_encadrements-black-en","13":"pa_encadrements-clearwood-en","14":"pa_encadrements-cream-en","15":"pa_encadrements-darkwood-en","16":"pa_encadrements-grey-en","17":"pa_encadrements-none-en","18":"pa_encadrements-white-en","19":"pa_oeuvresnumerotees_limitees-10originals-en","20":"pa_protectionfinitionsupport-6e-artpaperondibondraluminiu-en","21":"pa_protectionfinitionsupport-58-artpaperoneco_friendlyand-en","22":"pa_protectionfinitionsupport-printunderacrylglass-en","23":"pa_techniquesphotographiques-alternativeprocesses-en","24":"pa_techniquesphotographiques-color-en","25":"pa_themesphotographiques-graphic-en","26":"pa_themesphotographiques-human-en","27":"pa_themesphotographiques-portrait-en","29":"first","30":"instock","31":"taxable","32":"shipping-taxable","33":"purchasable","34":"product-type-variable","35":"has-default-attributes"},"yoast_head":"<!-- This site is optimized with the Yoast SEO plugin v27.4 - https:\/\/yoast.com\/product\/yoast-seo-wordpress\/ -->\n<title>Ne\u00efss\u00e9n\u00e9e - Audacieuse-Galerie<\/title>\n<meta name=\"description\" content=\"Ne\u00efss\u00e9n\u00e9e - Audacieuse-Galerie\" \/>\n<meta name=\"robots\" content=\"index, follow, max-snippet:-1, max-image-preview:large, max-video-preview:-1\" \/>\n<link rel=\"canonical\" href=\"https:\/\/www.audacieuse-galerie.ch\/en\/produit\/neissenee-2\/\" \/>\n<meta property=\"og:locale\" content=\"en_US\" \/>\n<meta property=\"og:type\" content=\"article\" \/>\n<meta property=\"og:title\" content=\"Ne\u00efss\u00e9n\u00e9e - Audacieuse-Galerie\" \/>\n<meta property=\"og:description\" content=\"Ne\u00efss\u00e9n\u00e9e - Audacieuse-Galerie\" \/>\n<meta property=\"og:url\" content=\"https:\/\/www.audacieuse-galerie.ch\/en\/produit\/neissenee-2\/\" \/>\n<meta property=\"og:site_name\" content=\"Audacieuse-Galerie\" \/>\n<meta property=\"article:publisher\" content=\"https:\/\/www.facebook.com\/audacieuse.galerie\" \/>\n<meta property=\"article:modified_time\" content=\"2025-06-05T12:03:05+00:00\" \/>\n<meta property=\"og:image\" content=\"https:\/\/www.audacieuse-galerie.ch\/wp-content\/uploads\/2017\/06\/271-Neissenee.jpg\" \/>\n\t<meta property=\"og:image:width\" content=\"1000\" \/>\n\t<meta property=\"og:image:height\" content=\"1000\" \/>\n\t<meta property=\"og:image:type\" content=\"image\/jpeg\" \/>\n<meta name=\"twitter:card\" content=\"summary_large_image\" \/>\n<script type=\"application\/ld+json\" class=\"yoast-schema-graph\">{\"@context\":\"https:\\\/\\\/schema.org\",\"@graph\":[{\"@type\":\"ImageObject\",\"inLanguage\":\"en-US\",\"@id\":\"https:\\\/\\\/www.audacieuse-galerie.ch\\\/en\\\/produit\\\/neissenee-2\\\/#primaryimage\",\"url\":\"https:\\\/\\\/www.audacieuse-galerie.ch\\\/wp-content\\\/uploads\\\/2017\\\/06\\\/271-Neissenee.jpg\",\"contentUrl\":\"https:\\\/\\\/www.audacieuse-galerie.ch\\\/wp-content\\\/uploads\\\/2017\\\/06\\\/271-Neissenee.jpg\",\"width\":1000,\"height\":1000,\"caption\":\"Ne\u00efss\u00e9n\u00e9e\"}]}<\/script>\n<!-- \/ Yoast SEO plugin. -->","yoast_head_json":{"title":"Ne\u00efss\u00e9n\u00e9e - Audacieuse-Galerie","description":"Ne\u00efss\u00e9n\u00e9e - Audacieuse-Galerie","robots":{"index":"index","follow":"follow","max-snippet":"max-snippet:-1","max-image-preview":"max-image-preview:large","max-video-preview":"max-video-preview:-1"},"canonical":"https:\/\/www.audacieuse-galerie.ch\/en\/produit\/neissenee-2\/","og_locale":"en_US","og_type":"article","og_title":"Ne\u00efss\u00e9n\u00e9e - Audacieuse-Galerie","og_description":"Ne\u00efss\u00e9n\u00e9e - Audacieuse-Galerie","og_url":"https:\/\/www.audacieuse-galerie.ch\/en\/produit\/neissenee-2\/","og_site_name":"Audacieuse-Galerie","article_publisher":"https:\/\/www.facebook.com\/audacieuse.galerie","article_modified_time":"2025-06-05T12:03:05+00:00","og_image":[{"width":1000,"height":1000,"url":"https:\/\/www.audacieuse-galerie.ch\/wp-content\/uploads\/2017\/06\/271-Neissenee.jpg","type":"image\/jpeg"}],"twitter_card":"summary_large_image","schema":{"@context":"https:\/\/schema.org","@graph":[{"@type":"ImageObject","inLanguage":"en-US","@id":"https:\/\/www.audacieuse-galerie.ch\/en\/produit\/neissenee-2\/#primaryimage","url":"https:\/\/www.audacieuse-galerie.ch\/wp-content\/uploads\/2017\/06\/271-Neissenee.jpg","contentUrl":"https:\/\/www.audacieuse-galerie.ch\/wp-content\/uploads\/2017\/06\/271-Neissenee.jpg","width":1000,"height":1000,"caption":"Ne\u00efss\u00e9n\u00e9e"}]}},"jetpack_publicize_connections":[],"_links":{"self":[{"href":"https:\/\/www.audacieuse-galerie.ch\/en\/wp-json\/wp\/v2\/product\/17741","targetHints":{"allow":["GET"]}}],"collection":[{"href":"https:\/\/www.audacieuse-galerie.ch\/en\/wp-json\/wp\/v2\/product"}],"about":[{"href":"https:\/\/www.audacieuse-galerie.ch\/en\/wp-json\/wp\/v2\/types\/product"}],"replies":[{"embeddable":true,"href":"https:\/\/www.audacieuse-galerie.ch\/en\/wp-json\/wp\/v2\/comments?post=17741"}],"version-history":[{"count":0,"href":"https:\/\/www.audacieuse-galerie.ch\/en\/wp-json\/wp\/v2\/product\/17741\/revisions"}],"wp:featuredmedia":[{"embeddable":true,"href":"https:\/\/www.audacieuse-galerie.ch\/en\/wp-json\/wp\/v2\/media\/17695"}],"wp:attachment":[{"href":"https:\/\/www.audacieuse-galerie.ch\/en\/wp-json\/wp\/v2\/media?parent=17741"}],"wp:term":[{"taxonomy":"product_brand","embeddable":true,"href":"https:\/\/www.audacieuse-galerie.ch\/en\/wp-json\/wp\/v2\/product_brand?post=17741"},{"taxonomy":"product_cat","embeddable":true,"href":"https:\/\/www.audacieuse-galerie.ch\/en\/wp-json\/wp\/v2\/product_cat?post=17741"},{"taxonomy":"product_tag","embeddable":true,"href":"https:\/\/www.audacieuse-galerie.ch\/en\/wp-json\/wp\/v2\/product_tag?post=17741"}],"curies":[{"name":"wp","href":"https:\/\/api.w.org\/{rel}","templated":true}]}}